{"id":8250,"date":"2024-11-05T10:59:26","date_gmt":"2024-11-05T08:59:26","guid":{"rendered":"https:\/\/www.noveltycuines.com\/mobles-cuina\/serie-minor\/"},"modified":"2025-01-29T13:33:19","modified_gmt":"2025-01-29T11:33:19","slug":"serie-minor","status":"publish","type":"page","link":"https:\/\/www.noveltycuines.com\/ca\/mobles-cuina\/serie-minor\/","title":{"rendered":"Cuines &#8211; S\u00e8rie Minor"},"content":{"rendered":"\t\t<div data-elementor-type=\"wp-page\" data-elementor-id=\"8250\" class=\"elementor elementor-8250 elementor-8194\" data-elementor-post-type=\"page\">\n\t\t\t\t\t\t<section class=\"elementor-section elementor-top-section elementor-element elementor-element-2df44795 elementor-section-boxed elementor-section-height-default elementor-section-height-default\" data-id=\"2df44795\" data-element_type=\"section\" data-e-type=\"section\">\n\t\t\t\t\t\t<div class=\"elementor-container elementor-column-gap-default\">\n\t\t\t\t\t<div class=\"elementor-column elementor-col-33 elementor-top-column elementor-element elementor-element-4a0617c9\" data-id=\"4a0617c9\" data-element_type=\"column\" data-e-type=\"column\">\n\t\t\t<div class=\"elementor-widget-wrap elementor-element-populated\">\n\t\t\t\t\t\t<div class=\"elementor-element elementor-element-42174734 elementor-widget elementor-widget-heading\" data-id=\"42174734\" data-element_type=\"widget\" data-e-type=\"widget\" data-widget_type=\"heading.default\">\n\t\t\t\t<div class=\"elementor-widget-container\">\n\t\t\t\t\t<h1 class=\"elementor-heading-title elementor-size-default\">S\u00e8rie Minor<\/h1>\t\t\t\t<\/div>\n\t\t\t\t<\/div>\n\t\t\t\t\t<\/div>\n\t\t<\/div>\n\t\t\t\t<div class=\"elementor-column elementor-col-66 elementor-top-column elementor-element elementor-element-62fdd297\" data-id=\"62fdd297\" data-element_type=\"column\" data-e-type=\"column\">\n\t\t\t<div class=\"elementor-widget-wrap elementor-element-populated\">\n\t\t\t\t\t\t<div class=\"elementor-element elementor-element-4a77fcf2 elementor-widget elementor-widget-text-editor\" data-id=\"4a77fcf2\" data-element_type=\"widget\" data-e-type=\"widget\" data-widget_type=\"text-editor.default\">\n\t\t\t\t<div class=\"elementor-widget-container\">\n\t\t\t\t\t\t\t\t\t<p>Eleg\u00e0ncia Minor.<\/p><p>Les portes cl\u00e0ssiques sempre s\u00f3n sin\u00f2nim d&#8217;eleg\u00e0ncia i atemporalitat. La <strong>s\u00e8rie Minor de Dica<\/strong> t\u00e9 un elegant disseny amb una porta emmarcada que fusiona el cl\u00e1ssic amb el contemporani, aportant un toc distintiu a qualsevol est\u00e0ncia. \u00c9s <strong>elegant, refinada i selecta<\/strong>, amb tiradors que complementen el seu disseny, tot amb un marc minimalista que facilita la seva neteja.<\/p><p>El model Minor s&#8217;ofereix inicialment en un acabat lacat, cosa que permet una ampla varietat de combinacions en poder personalitzar tant el color de la porta com el del tirador.<\/p><p>A m\u00e9s, ara ens complau anunciar que tamb\u00e9 est\u00e0 disponible en una versi\u00f3 de fusta, que ressalta la calidesa i l&#8217;autenticitat del material.<\/p><p>Minor \u00e9s l&#8217;opci\u00f3 per a qui busca un disseny que s&#8217;allunyi de les l\u00ednies rectes convencionals, sense caure en la t\u00edpica est\u00e8tica r\u00fastica. La seva versatilitat i estil ho converteixen en una elecci\u00f3 perfecta per a qualsevol llar moderna.<\/p>\t\t\t\t\t\t\t\t<\/div>\n\t\t\t\t<\/div>\n\t\t\t\t\t<\/div>\n\t\t<\/div>\n\t\t\t\t\t<\/div>\n\t\t<\/section>\n\t\t\t\t<section class=\"elementor-section elementor-top-section elementor-element elementor-element-46018f73 elementor-section-full_width elementor-section-height-default elementor-section-height-default\" data-id=\"46018f73\" data-element_type=\"section\" data-e-type=\"section\">\n\t\t\t\t\t\t<div class=\"elementor-container elementor-column-gap-default\">\n\t\t\t\t\t<div class=\"elementor-column elementor-col-100 elementor-top-column elementor-element elementor-element-3860e119\" data-id=\"3860e119\" data-element_type=\"column\" data-e-type=\"column\">\n\t\t\t<div class=\"elementor-widget-wrap elementor-element-populated\">\n\t\t\t\t\t\t<div class=\"elementor-element elementor-element-265fee5 elementor-widget elementor-widget-gallery\" data-id=\"265fee5\" data-element_type=\"widget\" data-e-type=\"widget\" data-settings=\"{&quot;gallery_layout&quot;:&quot;masonry&quot;,&quot;columns&quot;:3,&quot;gap&quot;:{&quot;unit&quot;:&quot;px&quot;,&quot;size&quot;:42,&quot;sizes&quot;:[]},&quot;lazyload&quot;:&quot;yes&quot;,&quot;columns_tablet&quot;:2,&quot;columns_mobile&quot;:1,&quot;gap_tablet&quot;:{&quot;unit&quot;:&quot;px&quot;,&quot;size&quot;:10,&quot;sizes&quot;:[]},&quot;gap_mobile&quot;:{&quot;unit&quot;:&quot;px&quot;,&quot;size&quot;:10,&quot;sizes&quot;:[]},&quot;link_to&quot;:&quot;file&quot;,&quot;overlay_background&quot;:&quot;yes&quot;,&quot;content_hover_animation&quot;:&quot;fade-in&quot;}\" data-widget_type=\"gallery.default\">\n\t\t\t\t<div class=\"elementor-widget-container\">\n\t\t\t\t\t\t\t<div class=\"elementor-gallery__container\">\n\t\t\t\t\t\t\t<a class=\"e-gallery-item elementor-gallery-item elementor-animated-content\" href=\"https:\/\/www.noveltycuines.com\/wp-content\/uploads\/2024\/11\/dica_Minor_G1copia.jpg\" data-elementor-open-lightbox=\"yes\" data-elementor-lightbox-slideshow=\"265fee5\" data-elementor-lightbox-title=\"dica_Minor_G1copia\" data-elementor-lightbox-description=\"Muebles cocina Dica Minor\" data-e-action-hash=\"#elementor-action%3Aaction%3Dlightbox%26settings%3DeyJpZCI6ODIxMywidXJsIjoiaHR0cHM6XC9cL3d3dy5ub3ZlbHR5Y3VpbmVzLmNvbVwvd3AtY29udGVudFwvdXBsb2Fkc1wvMjAyNFwvMTFcL2RpY2FfTWlub3JfRzFjb3BpYS5qcGciLCJzbGlkZXNob3ciOiIyNjVmZWU1In0%3D\">\n\t\t\t\t\t<div class=\"e-gallery-image elementor-gallery-item__image\" data-thumbnail=\"https:\/\/www.noveltycuines.com\/wp-content\/uploads\/2024\/11\/dica_Minor_G1copia-1024x768.jpg\" data-width=\"800\" data-height=\"600\" aria-label=\"\" role=\"img\" ><\/div>\n\t\t\t\t\t\t\t\t\t\t\t<div class=\"elementor-gallery-item__overlay\"><\/div>\n\t\t\t\t\t\t\t\t\t\t\t\t\t\t<\/a>\n\t\t\t\t\t\t\t<a class=\"e-gallery-item elementor-gallery-item elementor-animated-content\" href=\"https:\/\/www.noveltycuines.com\/wp-content\/uploads\/2024\/11\/dica_Minor_D1_copia.jpg\" data-elementor-open-lightbox=\"yes\" data-elementor-lightbox-slideshow=\"265fee5\" data-elementor-lightbox-title=\"dica_Minor_D1_copia\" data-elementor-lightbox-description=\"Muebles cocina Dica Minor\" data-e-action-hash=\"#elementor-action%3Aaction%3Dlightbox%26settings%3DeyJpZCI6ODIwNywidXJsIjoiaHR0cHM6XC9cL3d3dy5ub3ZlbHR5Y3VpbmVzLmNvbVwvd3AtY29udGVudFwvdXBsb2Fkc1wvMjAyNFwvMTFcL2RpY2FfTWlub3JfRDFfY29waWEuanBnIiwic2xpZGVzaG93IjoiMjY1ZmVlNSJ9\">\n\t\t\t\t\t<div class=\"e-gallery-image elementor-gallery-item__image\" data-thumbnail=\"https:\/\/www.noveltycuines.com\/wp-content\/uploads\/2024\/11\/dica_Minor_D1_copia-871x1024.jpg\" data-width=\"800\" data-height=\"941\" aria-label=\"\" role=\"img\" ><\/div>\n\t\t\t\t\t\t\t\t\t\t\t<div class=\"elementor-gallery-item__overlay\"><\/div>\n\t\t\t\t\t\t\t\t\t\t\t\t\t\t<\/a>\n\t\t\t\t\t\t\t<a class=\"e-gallery-item elementor-gallery-item elementor-animated-content\" href=\"https:\/\/www.noveltycuines.com\/wp-content\/uploads\/2024\/11\/dica_Minor_D2-copia.jpg\" data-elementor-open-lightbox=\"yes\" data-elementor-lightbox-slideshow=\"265fee5\" data-elementor-lightbox-title=\"dica_Minor_D2 copia\" data-elementor-lightbox-description=\"Muebles cocina Dica Minor\" data-e-action-hash=\"#elementor-action%3Aaction%3Dlightbox%26settings%3DeyJpZCI6ODIwOSwidXJsIjoiaHR0cHM6XC9cL3d3dy5ub3ZlbHR5Y3VpbmVzLmNvbVwvd3AtY29udGVudFwvdXBsb2Fkc1wvMjAyNFwvMTFcL2RpY2FfTWlub3JfRDItY29waWEuanBnIiwic2xpZGVzaG93IjoiMjY1ZmVlNSJ9\">\n\t\t\t\t\t<div class=\"e-gallery-image elementor-gallery-item__image\" data-thumbnail=\"https:\/\/www.noveltycuines.com\/wp-content\/uploads\/2024\/11\/dica_Minor_D2-copia-871x1024.jpg\" data-width=\"800\" data-height=\"941\" aria-label=\"Muebles cocina Dica Minor\" role=\"img\" ><\/div>\n\t\t\t\t\t\t\t\t\t\t\t<div class=\"elementor-gallery-item__overlay\"><\/div>\n\t\t\t\t\t\t\t\t\t\t\t\t\t\t<\/a>\n\t\t\t\t\t\t\t<a class=\"e-gallery-item elementor-gallery-item elementor-animated-content\" href=\"https:\/\/www.noveltycuines.com\/wp-content\/uploads\/2024\/11\/dica_Minor_D3copia.jpg\" data-elementor-open-lightbox=\"yes\" data-elementor-lightbox-slideshow=\"265fee5\" data-elementor-lightbox-title=\"dica_Minor_D3copia\" data-elementor-lightbox-description=\"Muebles cocina Dica Minor\" data-e-action-hash=\"#elementor-action%3Aaction%3Dlightbox%26settings%3DeyJpZCI6ODIxMSwidXJsIjoiaHR0cHM6XC9cL3d3dy5ub3ZlbHR5Y3VpbmVzLmNvbVwvd3AtY29udGVudFwvdXBsb2Fkc1wvMjAyNFwvMTFcL2RpY2FfTWlub3JfRDNjb3BpYS5qcGciLCJzbGlkZXNob3ciOiIyNjVmZWU1In0%3D\">\n\t\t\t\t\t<div class=\"e-gallery-image elementor-gallery-item__image\" data-thumbnail=\"https:\/\/www.noveltycuines.com\/wp-content\/uploads\/2024\/11\/dica_Minor_D3copia-871x1024.jpg\" data-width=\"800\" data-height=\"941\" aria-label=\"\" role=\"img\" ><\/div>\n\t\t\t\t\t\t\t\t\t\t\t<div class=\"elementor-gallery-item__overlay\"><\/div>\n\t\t\t\t\t\t\t\t\t\t\t\t\t\t<\/a>\n\t\t\t\t\t<\/div>\n\t\t\t\t\t<\/div>\n\t\t\t\t<\/div>\n\t\t\t\t\t<\/div>\n\t\t<\/div>\n\t\t\t\t\t<\/div>\n\t\t<\/section>\n\t\t\t\t<\/div>\n\t\t","protected":false},"excerpt":{"rendered":"<p>S\u00e8rie Minor Eleg\u00e0ncia Minor. Les portes cl\u00e0ssiques sempre s\u00f3n sin\u00f2nim d&#8217;eleg\u00e0ncia i atemporalitat. La s\u00e8rie Minor de Dica t\u00e9 un elegant disseny amb una porta emmarcada que fusiona el cl\u00e1ssic amb el contemporani, aportant un toc distintiu a qualsevol est\u00e0ncia. \u00c9s elegant, refinada i selecta, amb tiradors que complementen el seu disseny, tot amb un [&hellip;]<\/p>\n","protected":false},"author":2,"featured_media":0,"parent":4489,"menu_order":0,"comment_status":"closed","ping_status":"closed","template":"","meta":{"_acf_changed":false,"footnotes":""},"class_list":["post-8250","page","type-page","status-publish","hentry"],"acf":[],"yoast_head":"<!-- This site is optimized with the Yoast SEO plugin v27.6 - https:\/\/yoast.com\/product\/yoast-seo-wordpress\/ -->\n<title>S\u00e8rie de cuines Minor de Dica | Novelty Cuines<\/title>\n<meta name=\"description\" content=\"Descobreix la s\u00e8rie Minor de Dica. La seva combinaci\u00f3 de dissenys modern i cl\u00e0ssic la fan un model elegante i atemporal.\" \/>\n<meta name=\"robots\" content=\"index, follow, max-snippet:-1, max-image-preview:large, max-video-preview:-1\" \/>\n<link rel=\"canonical\" href=\"https:\/\/www.noveltycuines.com\/ca\/mobles-cuina\/serie-minor\/\" \/>\n<meta property=\"og:locale\" content=\"ca_ES\" \/>\n<meta property=\"og:type\" content=\"article\" \/>\n<meta property=\"og:title\" content=\"S\u00e8rie de cuines Minor de Dica | Novelty Cuines\" \/>\n<meta property=\"og:description\" content=\"Descobreix la s\u00e8rie Minor de Dica. La seva combinaci\u00f3 de dissenys modern i cl\u00e0ssic la fan un model elegante i atemporal.\" \/>\n<meta property=\"og:url\" content=\"https:\/\/www.noveltycuines.com\/ca\/mobles-cuina\/serie-minor\/\" \/>\n<meta property=\"og:site_name\" content=\"Novelty Cuines\" \/>\n<meta property=\"article:publisher\" content=\"https:\/\/www.facebook.com\/NoveltyCuines\" \/>\n<meta property=\"article:modified_time\" content=\"2025-01-29T11:33:19+00:00\" \/>\n<meta property=\"og:image\" content=\"https:\/\/www.noveltycuines.com\/wp-content\/uploads\/2024\/01\/logo-header-pos.png\" \/>\n\t<meta property=\"og:image:width\" content=\"253\" \/>\n\t<meta property=\"og:image:height\" content=\"73\" \/>\n\t<meta property=\"og:image:type\" content=\"image\/png\" \/>\n<meta name=\"twitter:card\" content=\"summary_large_image\" \/>\n<meta name=\"twitter:label1\" content=\"Temps estimat de lectura\" \/>\n\t<meta name=\"twitter:data1\" content=\"1 minut\" \/>\n<script type=\"application\/ld+json\" class=\"yoast-schema-graph\">{\"@context\":\"https:\\\/\\\/schema.org\",\"@graph\":[{\"@type\":\"WebPage\",\"@id\":\"https:\\\/\\\/www.noveltycuines.com\\\/ca\\\/mobles-cuina\\\/serie-minor\\\/\",\"url\":\"https:\\\/\\\/www.noveltycuines.com\\\/ca\\\/mobles-cuina\\\/serie-minor\\\/\",\"name\":\"S\u00e8rie de cuines Minor de Dica | Novelty Cuines\",\"isPartOf\":{\"@id\":\"https:\\\/\\\/www.noveltycuines.com\\\/ca\\\/#website\"},\"datePublished\":\"2024-11-05T08:59:26+00:00\",\"dateModified\":\"2025-01-29T11:33:19+00:00\",\"description\":\"Descobreix la s\u00e8rie Minor de Dica. La seva combinaci\u00f3 de dissenys modern i cl\u00e0ssic la fan un model elegante i atemporal.\",\"breadcrumb\":{\"@id\":\"https:\\\/\\\/www.noveltycuines.com\\\/ca\\\/mobles-cuina\\\/serie-minor\\\/#breadcrumb\"},\"inLanguage\":\"ca\",\"potentialAction\":[{\"@type\":\"ReadAction\",\"target\":[\"https:\\\/\\\/www.noveltycuines.com\\\/ca\\\/mobles-cuina\\\/serie-minor\\\/\"]}]},{\"@type\":\"BreadcrumbList\",\"@id\":\"https:\\\/\\\/www.noveltycuines.com\\\/ca\\\/mobles-cuina\\\/serie-minor\\\/#breadcrumb\",\"itemListElement\":[{\"@type\":\"ListItem\",\"position\":1,\"name\":\"Portada\",\"item\":\"https:\\\/\\\/www.noveltycuines.com\\\/ca\\\/\"},{\"@type\":\"ListItem\",\"position\":2,\"name\":\"Cuines\",\"item\":\"https:\\\/\\\/www.noveltycuines.com\\\/ca\\\/muebles-cocina\\\/\"},{\"@type\":\"ListItem\",\"position\":3,\"name\":\"Cuines &#8211; S\u00e8rie Minor\"}]},{\"@type\":\"WebSite\",\"@id\":\"https:\\\/\\\/www.noveltycuines.com\\\/ca\\\/#website\",\"url\":\"https:\\\/\\\/www.noveltycuines.com\\\/ca\\\/\",\"name\":\"Novelty\",\"description\":\"Tienda muebles de cocina y ba\u00f1o, reformas integrales e interiorismo.\",\"publisher\":{\"@id\":\"https:\\\/\\\/www.noveltycuines.com\\\/ca\\\/#organization\"},\"alternateName\":\"Novelty\",\"potentialAction\":[{\"@type\":\"SearchAction\",\"target\":{\"@type\":\"EntryPoint\",\"urlTemplate\":\"https:\\\/\\\/www.noveltycuines.com\\\/ca\\\/?s={search_term_string}\"},\"query-input\":{\"@type\":\"PropertyValueSpecification\",\"valueRequired\":true,\"valueName\":\"search_term_string\"}}],\"inLanguage\":\"ca\"},{\"@type\":\"Organization\",\"@id\":\"https:\\\/\\\/www.noveltycuines.com\\\/ca\\\/#organization\",\"name\":\"Novelty\",\"alternateName\":\"Novelty\",\"url\":\"https:\\\/\\\/www.noveltycuines.com\\\/ca\\\/\",\"logo\":{\"@type\":\"ImageObject\",\"inLanguage\":\"ca\",\"@id\":\"https:\\\/\\\/www.noveltycuines.com\\\/ca\\\/#\\\/schema\\\/logo\\\/image\\\/\",\"url\":\"https:\\\/\\\/www.noveltycuines.com\\\/wp-content\\\/uploads\\\/2024\\\/02\\\/logo-yoast.png\",\"contentUrl\":\"https:\\\/\\\/www.noveltycuines.com\\\/wp-content\\\/uploads\\\/2024\\\/02\\\/logo-yoast.png\",\"width\":600,\"height\":600,\"caption\":\"Novelty\"},\"image\":{\"@id\":\"https:\\\/\\\/www.noveltycuines.com\\\/ca\\\/#\\\/schema\\\/logo\\\/image\\\/\"},\"sameAs\":[\"https:\\\/\\\/www.facebook.com\\\/NoveltyCuines\",\"https:\\\/\\\/www.instagram.com\\\/noveltycuines\\\/\"]}]}<\/script>\n<!-- \/ Yoast SEO plugin. -->","yoast_head_json":{"title":"S\u00e8rie de cuines Minor de Dica | Novelty Cuines","description":"Descobreix la s\u00e8rie Minor de Dica. La seva combinaci\u00f3 de dissenys modern i cl\u00e0ssic la fan un model elegante i atemporal.","robots":{"index":"index","follow":"follow","max-snippet":"max-snippet:-1","max-image-preview":"max-image-preview:large","max-video-preview":"max-video-preview:-1"},"canonical":"https:\/\/www.noveltycuines.com\/ca\/mobles-cuina\/serie-minor\/","og_locale":"ca_ES","og_type":"article","og_title":"S\u00e8rie de cuines Minor de Dica | Novelty Cuines","og_description":"Descobreix la s\u00e8rie Minor de Dica. La seva combinaci\u00f3 de dissenys modern i cl\u00e0ssic la fan un model elegante i atemporal.","og_url":"https:\/\/www.noveltycuines.com\/ca\/mobles-cuina\/serie-minor\/","og_site_name":"Novelty Cuines","article_publisher":"https:\/\/www.facebook.com\/NoveltyCuines","article_modified_time":"2025-01-29T11:33:19+00:00","og_image":[{"width":253,"height":73,"url":"https:\/\/www.noveltycuines.com\/wp-content\/uploads\/2024\/01\/logo-header-pos.png","type":"image\/png"}],"twitter_card":"summary_large_image","twitter_misc":{"Temps estimat de lectura":"1 minut"},"schema":{"@context":"https:\/\/schema.org","@graph":[{"@type":"WebPage","@id":"https:\/\/www.noveltycuines.com\/ca\/mobles-cuina\/serie-minor\/","url":"https:\/\/www.noveltycuines.com\/ca\/mobles-cuina\/serie-minor\/","name":"S\u00e8rie de cuines Minor de Dica | Novelty Cuines","isPartOf":{"@id":"https:\/\/www.noveltycuines.com\/ca\/#website"},"datePublished":"2024-11-05T08:59:26+00:00","dateModified":"2025-01-29T11:33:19+00:00","description":"Descobreix la s\u00e8rie Minor de Dica. La seva combinaci\u00f3 de dissenys modern i cl\u00e0ssic la fan un model elegante i atemporal.","breadcrumb":{"@id":"https:\/\/www.noveltycuines.com\/ca\/mobles-cuina\/serie-minor\/#breadcrumb"},"inLanguage":"ca","potentialAction":[{"@type":"ReadAction","target":["https:\/\/www.noveltycuines.com\/ca\/mobles-cuina\/serie-minor\/"]}]},{"@type":"BreadcrumbList","@id":"https:\/\/www.noveltycuines.com\/ca\/mobles-cuina\/serie-minor\/#breadcrumb","itemListElement":[{"@type":"ListItem","position":1,"name":"Portada","item":"https:\/\/www.noveltycuines.com\/ca\/"},{"@type":"ListItem","position":2,"name":"Cuines","item":"https:\/\/www.noveltycuines.com\/ca\/muebles-cocina\/"},{"@type":"ListItem","position":3,"name":"Cuines &#8211; S\u00e8rie Minor"}]},{"@type":"WebSite","@id":"https:\/\/www.noveltycuines.com\/ca\/#website","url":"https:\/\/www.noveltycuines.com\/ca\/","name":"Novelty","description":"Tienda muebles de cocina y ba\u00f1o, reformas integrales e interiorismo.","publisher":{"@id":"https:\/\/www.noveltycuines.com\/ca\/#organization"},"alternateName":"Novelty","potentialAction":[{"@type":"SearchAction","target":{"@type":"EntryPoint","urlTemplate":"https:\/\/www.noveltycuines.com\/ca\/?s={search_term_string}"},"query-input":{"@type":"PropertyValueSpecification","valueRequired":true,"valueName":"search_term_string"}}],"inLanguage":"ca"},{"@type":"Organization","@id":"https:\/\/www.noveltycuines.com\/ca\/#organization","name":"Novelty","alternateName":"Novelty","url":"https:\/\/www.noveltycuines.com\/ca\/","logo":{"@type":"ImageObject","inLanguage":"ca","@id":"https:\/\/www.noveltycuines.com\/ca\/#\/schema\/logo\/image\/","url":"https:\/\/www.noveltycuines.com\/wp-content\/uploads\/2024\/02\/logo-yoast.png","contentUrl":"https:\/\/www.noveltycuines.com\/wp-content\/uploads\/2024\/02\/logo-yoast.png","width":600,"height":600,"caption":"Novelty"},"image":{"@id":"https:\/\/www.noveltycuines.com\/ca\/#\/schema\/logo\/image\/"},"sameAs":["https:\/\/www.facebook.com\/NoveltyCuines","https:\/\/www.instagram.com\/noveltycuines\/"]}]}},"_links":{"self":[{"href":"https:\/\/www.noveltycuines.com\/ca\/wp-json\/wp\/v2\/pages\/8250","targetHints":{"allow":["GET"]}}],"collection":[{"href":"https:\/\/www.noveltycuines.com\/ca\/wp-json\/wp\/v2\/pages"}],"about":[{"href":"https:\/\/www.noveltycuines.com\/ca\/wp-json\/wp\/v2\/types\/page"}],"author":[{"embeddable":true,"href":"https:\/\/www.noveltycuines.com\/ca\/wp-json\/wp\/v2\/users\/2"}],"replies":[{"embeddable":true,"href":"https:\/\/www.noveltycuines.com\/ca\/wp-json\/wp\/v2\/comments?post=8250"}],"version-history":[{"count":0,"href":"https:\/\/www.noveltycuines.com\/ca\/wp-json\/wp\/v2\/pages\/8250\/revisions"}],"up":[{"embeddable":true,"href":"https:\/\/www.noveltycuines.com\/ca\/wp-json\/wp\/v2\/pages\/4489"}],"wp:attachment":[{"href":"https:\/\/www.noveltycuines.com\/ca\/wp-json\/wp\/v2\/media?parent=8250"}],"curies":[{"name":"wp","href":"https:\/\/api.w.org\/{rel}","templated":true}]}}