{"id":4830,"date":"2024-01-10T11:22:06","date_gmt":"2024-01-10T09:22:06","guid":{"rendered":"https:\/\/www.noveltycuines.com\/declaracion-de-la-accesibilidad\/"},"modified":"2024-03-04T14:38:30","modified_gmt":"2024-03-04T12:38:30","slug":"declaracio-daccessibilitat","status":"publish","type":"page","link":"https:\/\/www.noveltycuines.com\/ca\/declaracio-daccessibilitat\/","title":{"rendered":"Declaraci\u00f3 d&#8217;accessibilitat"},"content":{"rendered":"\t\t<div data-elementor-type=\"wp-page\" data-elementor-id=\"4830\" class=\"elementor elementor-4830 elementor-300\" data-elementor-post-type=\"page\">\n\t\t\t\t\t\t<section class=\"elementor-section elementor-top-section elementor-element elementor-element-503b774 elementor-section-boxed elementor-section-height-default elementor-section-height-default\" data-id=\"503b774\" data-element_type=\"section\" data-e-type=\"section\">\n\t\t\t\t\t\t<div class=\"elementor-container elementor-column-gap-default\">\n\t\t\t\t\t<div class=\"elementor-column elementor-col-100 elementor-top-column elementor-element elementor-element-1c1dc7c\" data-id=\"1c1dc7c\" data-element_type=\"column\" data-e-type=\"column\">\n\t\t\t<div class=\"elementor-widget-wrap elementor-element-populated\">\n\t\t\t\t\t\t<div class=\"elementor-element elementor-element-8c5844c elementor-widget elementor-widget-heading\" data-id=\"8c5844c\" data-element_type=\"widget\" data-e-type=\"widget\" data-widget_type=\"heading.default\">\n\t\t\t\t<div class=\"elementor-widget-container\">\n\t\t\t\t\t<h1 class=\"elementor-heading-title elementor-size-default\">Declaraci\u00f3 d'accessibilitat<\/h1>\t\t\t\t<\/div>\n\t\t\t\t<\/div>\n\t\t\t\t<div class=\"elementor-element elementor-element-67d6bc3 elementor-widget elementor-widget-text-editor\" data-id=\"67d6bc3\" data-element_type=\"widget\" data-e-type=\"widget\" data-widget_type=\"text-editor.default\">\n\t\t\t\t<div class=\"elementor-widget-container\">\n\t\t\t\t\t\t\t\t\t<strong>NOVELTY CUINES<\/strong> aposta per assegurar l&#8217;accessibilitat digital de les persones amb discapacitat. Estem millorant cont\u00ednuament l&#8217;experi\u00e8ncia d&#8217;usuari per a tots i tractant d&#8217;aplicar els est\u00e0ndards d&#8217;accessibilitat m\u00e9s rellevants. Aquest comprom\u00eds tamb\u00e9 el fem d&#8217;acord amb el Reial decret <a href=\"https:\/\/www.boe.es\/buscar\/act.php?id=BOE-A-2018-12699\">1112\/2018<\/a>, de 7 de setembre, relatiu a l&#8217;accessibilitat de llocs web i aplicacions per a dispositius m\u00f2bils.\n\n<strong>Estat de compliment<\/strong>\nLes <a href=\"https:\/\/www.w3.org\/WAI\/standards-guidelines\/wcag\/\">Directrius d&#8217;accessibilitat al contingut web (WCAG) 2.1<\/a> defineixen els requisits per a dissenyadors i desenvolupadors per a millorar l&#8217;accessibilitat de les persones amb discapacitat. Aquestes directrius defineixen tres nivells de conformitat: Nivell A, Nivell AA i Nivell AAA. El web \u00e9s parcialment conforme amb el Nivell AA de WCAG 2.1. Aix\u00f2 significa que algunes parts del contingut no s&#8217;ajusten completament als est\u00e0ndards d&#8217;accessibilitat.\n\n<strong>Funcions d&#8217;accessibilitat<\/strong>\n<ul>\n<li>Les p\u00e0gines estan estructurades amb elements sem\u00e0ntics com la cap\u00e7alera (header), la navegaci\u00f3 (navigation), el contingut principal (main) i el peu de p\u00e0gina (footer), la qual cosa us pot ajudar a moure-us m\u00e9s r\u00e0pidament entre diferents elements.<\/li>\n<li>Els t\u00edtols de nivell 1 marquen l&#8217;\u00e0rea de contingut principal de cada p\u00e0gina i a partir d&#8217;aqu\u00ed l&#8217;estructura de cada p\u00e0gina hauria de seguir un ordre l\u00f2gic dels t\u00edtols.<\/li>\n<li>Cada p\u00e0gina d&#8217;aquest lloc web t\u00e9 enlla\u00e7os de \u00absaltar al contingut\u00bb i \u00absaltar al men\u00fa\u00bb en la part superior i un enlla\u00e7 de \u00abtornar a comen\u00e7ar\u00bb en la part inferior.<\/li>\n<li>Les imatges es descriuen amb equivalents de text (ALT) per a garantir que tots puguin accedir al contingut gr\u00e0fic.<\/li>\n<li>Es pot ampliar la p\u00e0gina fins a un 300% sense cap problema.<\/li>\n<li>Els colors d&#8217;aquest lloc web s&#8217;han triat a cada p\u00e0gina per a garantir un contrast de color suficient.<\/li>\n<li>Tots els components d&#8217;aquest lloc web s\u00f3n accessibles mitjan\u00e7ant mouse, teclat o el tacte.<\/li>\n<li>Per a garantir que el lloc web es pot utilitzar amb teclats, hem afegit estils de focus a les imatges, enlla\u00e7os, formularis i altres elements.<\/li>\n<li>Aquest lloc web s&#8217;ha provat amb navegadors i dispositius moderns i antics, a m\u00e9s d&#8217;eines d&#8217;avaluaci\u00f3 d&#8217;accessibilitat, com <a href=\"https:\/\/wave.webaim.org\/\">WAVE<\/a>, <a href=\"https:\/\/accessibilityinsights.io\/en\/\">Accessibility Insights<\/a> i el lector de pantalla <a href=\"https:\/\/www.chromevox.com\/\">ChromeVox<\/a>.<\/li>\n<\/ul>\n<strong>\nContingut no accessible<\/strong>\nSabem que algunes parts d&#8217;aquest lloc web no s\u00f3n del tot accessibles:\n\nA vegades inserim suports d&#8217;\u00e0udio o v\u00eddeo a les nostres p\u00e0gines que pot ser que no es descriguin adequadament.\nSi trobeu suports o elements confusos, podeu enviar-nos un correu electr\u00f2nic explicant-nos-el.\nTamb\u00e9 sabem que la majoria de documents PDF antics no s\u00f3n totalment accessibles als programes de lectors de pantalla.\n\n<strong>Feedback<\/strong>\nAgra\u00efm els vostres comentaris sobre l&#8217;accessibilitat de la nostra web. Informeu-nos si trobeu barreres d&#8217;accessibilitat en aquest lloc web:\n\nE-mail: <a href=\"mailto:info@noveltycuines.com\">info@noveltycuines.com<\/a>\n\nAquesta declaraci\u00f3 es va crear el 18 de setembre de 2023.\t\t\t\t\t\t\t\t<\/div>\n\t\t\t\t<\/div>\n\t\t\t\t\t<\/div>\n\t\t<\/div>\n\t\t\t\t\t<\/div>\n\t\t<\/section>\n\t\t\t\t<\/div>\n\t\t","protected":false},"excerpt":{"rendered":"<p>Declaraci\u00f3 d&#8217;accessibilitat NOVELTY CUINES aposta per assegurar l&#8217;accessibilitat digital de les persones amb discapacitat. Estem millorant cont\u00ednuament l&#8217;experi\u00e8ncia d&#8217;usuari per a tots i tractant d&#8217;aplicar els est\u00e0ndards d&#8217;accessibilitat m\u00e9s rellevants. Aquest comprom\u00eds tamb\u00e9 el fem d&#8217;acord amb el Reial decret 1112\/2018, de 7 de setembre, relatiu a l&#8217;accessibilitat de llocs web i aplicacions per a [&hellip;]<\/p>\n","protected":false},"author":3,"featured_media":0,"parent":0,"menu_order":0,"comment_status":"closed","ping_status":"closed","template":"","meta":{"_acf_changed":false,"footnotes":""},"class_list":["post-4830","page","type-page","status-publish","hentry"],"acf":[],"yoast_head":"<!-- This site is optimized with the Yoast SEO plugin v27.5 - https:\/\/yoast.com\/product\/yoast-seo-wordpress\/ -->\n<title>Declaraci\u00f3 d&#039;accessibilitat | Novelty Cuines<\/title>\n<meta name=\"description\" content=\"Declaraci\u00f3 d&#039;accesibilitat del lloc web de Novelty Cuines.\" \/>\n<meta name=\"robots\" content=\"index, follow, max-snippet:-1, max-image-preview:large, max-video-preview:-1\" \/>\n<link rel=\"canonical\" href=\"https:\/\/www.noveltycuines.com\/ca\/declaracio-daccessibilitat\/\" \/>\n<meta property=\"og:locale\" content=\"ca_ES\" \/>\n<meta property=\"og:type\" content=\"article\" \/>\n<meta property=\"og:title\" content=\"Declaraci\u00f3 d&#039;accessibilitat | Novelty Cuines\" \/>\n<meta property=\"og:description\" content=\"Declaraci\u00f3 d&#039;accesibilitat del lloc web de Novelty Cuines.\" \/>\n<meta property=\"og:url\" content=\"https:\/\/www.noveltycuines.com\/ca\/declaracio-daccessibilitat\/\" \/>\n<meta property=\"og:site_name\" content=\"Novelty Cuines\" \/>\n<meta property=\"article:publisher\" content=\"https:\/\/www.facebook.com\/NoveltyCuines\" \/>\n<meta property=\"article:modified_time\" content=\"2024-03-04T12:38:30+00:00\" \/>\n<meta property=\"og:image\" content=\"https:\/\/www.noveltycuines.com\/wp-content\/uploads\/2024\/01\/logo-header-pos.png\" \/>\n\t<meta property=\"og:image:width\" content=\"253\" \/>\n\t<meta property=\"og:image:height\" content=\"73\" \/>\n\t<meta property=\"og:image:type\" content=\"image\/png\" \/>\n<meta name=\"twitter:card\" content=\"summary_large_image\" \/>\n<meta name=\"twitter:label1\" content=\"Temps estimat de lectura\" \/>\n\t<meta name=\"twitter:data1\" content=\"2 minuts\" \/>\n<script type=\"application\/ld+json\" class=\"yoast-schema-graph\">{\"@context\":\"https:\\\/\\\/schema.org\",\"@graph\":[{\"@type\":\"WebPage\",\"@id\":\"https:\\\/\\\/www.noveltycuines.com\\\/ca\\\/declaracio-daccessibilitat\\\/\",\"url\":\"https:\\\/\\\/www.noveltycuines.com\\\/ca\\\/declaracio-daccessibilitat\\\/\",\"name\":\"Declaraci\u00f3 d'accessibilitat | Novelty Cuines\",\"isPartOf\":{\"@id\":\"https:\\\/\\\/www.noveltycuines.com\\\/ca\\\/#website\"},\"datePublished\":\"2024-01-10T09:22:06+00:00\",\"dateModified\":\"2024-03-04T12:38:30+00:00\",\"description\":\"Declaraci\u00f3 d'accesibilitat del lloc web de Novelty Cuines.\",\"breadcrumb\":{\"@id\":\"https:\\\/\\\/www.noveltycuines.com\\\/ca\\\/declaracio-daccessibilitat\\\/#breadcrumb\"},\"inLanguage\":\"ca\",\"potentialAction\":[{\"@type\":\"ReadAction\",\"target\":[\"https:\\\/\\\/www.noveltycuines.com\\\/ca\\\/declaracio-daccessibilitat\\\/\"]}]},{\"@type\":\"BreadcrumbList\",\"@id\":\"https:\\\/\\\/www.noveltycuines.com\\\/ca\\\/declaracio-daccessibilitat\\\/#breadcrumb\",\"itemListElement\":[{\"@type\":\"ListItem\",\"position\":1,\"name\":\"Portada\",\"item\":\"https:\\\/\\\/www.noveltycuines.com\\\/ca\\\/\"},{\"@type\":\"ListItem\",\"position\":2,\"name\":\"Declaraci\u00f3 d&#8217;accessibilitat\"}]},{\"@type\":\"WebSite\",\"@id\":\"https:\\\/\\\/www.noveltycuines.com\\\/ca\\\/#website\",\"url\":\"https:\\\/\\\/www.noveltycuines.com\\\/ca\\\/\",\"name\":\"Novelty\",\"description\":\"Tienda muebles de cocina y ba\u00f1o, reformas integrales e interiorismo.\",\"publisher\":{\"@id\":\"https:\\\/\\\/www.noveltycuines.com\\\/ca\\\/#organization\"},\"alternateName\":\"Novelty\",\"potentialAction\":[{\"@type\":\"SearchAction\",\"target\":{\"@type\":\"EntryPoint\",\"urlTemplate\":\"https:\\\/\\\/www.noveltycuines.com\\\/ca\\\/?s={search_term_string}\"},\"query-input\":{\"@type\":\"PropertyValueSpecification\",\"valueRequired\":true,\"valueName\":\"search_term_string\"}}],\"inLanguage\":\"ca\"},{\"@type\":\"Organization\",\"@id\":\"https:\\\/\\\/www.noveltycuines.com\\\/ca\\\/#organization\",\"name\":\"Novelty\",\"alternateName\":\"Novelty\",\"url\":\"https:\\\/\\\/www.noveltycuines.com\\\/ca\\\/\",\"logo\":{\"@type\":\"ImageObject\",\"inLanguage\":\"ca\",\"@id\":\"https:\\\/\\\/www.noveltycuines.com\\\/ca\\\/#\\\/schema\\\/logo\\\/image\\\/\",\"url\":\"https:\\\/\\\/www.noveltycuines.com\\\/wp-content\\\/uploads\\\/2024\\\/02\\\/logo-yoast.png\",\"contentUrl\":\"https:\\\/\\\/www.noveltycuines.com\\\/wp-content\\\/uploads\\\/2024\\\/02\\\/logo-yoast.png\",\"width\":600,\"height\":600,\"caption\":\"Novelty\"},\"image\":{\"@id\":\"https:\\\/\\\/www.noveltycuines.com\\\/ca\\\/#\\\/schema\\\/logo\\\/image\\\/\"},\"sameAs\":[\"https:\\\/\\\/www.facebook.com\\\/NoveltyCuines\",\"https:\\\/\\\/www.instagram.com\\\/noveltycuines\\\/\"]}]}<\/script>\n<!-- \/ Yoast SEO plugin. -->","yoast_head_json":{"title":"Declaraci\u00f3 d'accessibilitat | Novelty Cuines","description":"Declaraci\u00f3 d'accesibilitat del lloc web de Novelty Cuines.","robots":{"index":"index","follow":"follow","max-snippet":"max-snippet:-1","max-image-preview":"max-image-preview:large","max-video-preview":"max-video-preview:-1"},"canonical":"https:\/\/www.noveltycuines.com\/ca\/declaracio-daccessibilitat\/","og_locale":"ca_ES","og_type":"article","og_title":"Declaraci\u00f3 d'accessibilitat | Novelty Cuines","og_description":"Declaraci\u00f3 d'accesibilitat del lloc web de Novelty Cuines.","og_url":"https:\/\/www.noveltycuines.com\/ca\/declaracio-daccessibilitat\/","og_site_name":"Novelty Cuines","article_publisher":"https:\/\/www.facebook.com\/NoveltyCuines","article_modified_time":"2024-03-04T12:38:30+00:00","og_image":[{"width":253,"height":73,"url":"https:\/\/www.noveltycuines.com\/wp-content\/uploads\/2024\/01\/logo-header-pos.png","type":"image\/png"}],"twitter_card":"summary_large_image","twitter_misc":{"Temps estimat de lectura":"2 minuts"},"schema":{"@context":"https:\/\/schema.org","@graph":[{"@type":"WebPage","@id":"https:\/\/www.noveltycuines.com\/ca\/declaracio-daccessibilitat\/","url":"https:\/\/www.noveltycuines.com\/ca\/declaracio-daccessibilitat\/","name":"Declaraci\u00f3 d'accessibilitat | Novelty Cuines","isPartOf":{"@id":"https:\/\/www.noveltycuines.com\/ca\/#website"},"datePublished":"2024-01-10T09:22:06+00:00","dateModified":"2024-03-04T12:38:30+00:00","description":"Declaraci\u00f3 d'accesibilitat del lloc web de Novelty Cuines.","breadcrumb":{"@id":"https:\/\/www.noveltycuines.com\/ca\/declaracio-daccessibilitat\/#breadcrumb"},"inLanguage":"ca","potentialAction":[{"@type":"ReadAction","target":["https:\/\/www.noveltycuines.com\/ca\/declaracio-daccessibilitat\/"]}]},{"@type":"BreadcrumbList","@id":"https:\/\/www.noveltycuines.com\/ca\/declaracio-daccessibilitat\/#breadcrumb","itemListElement":[{"@type":"ListItem","position":1,"name":"Portada","item":"https:\/\/www.noveltycuines.com\/ca\/"},{"@type":"ListItem","position":2,"name":"Declaraci\u00f3 d&#8217;accessibilitat"}]},{"@type":"WebSite","@id":"https:\/\/www.noveltycuines.com\/ca\/#website","url":"https:\/\/www.noveltycuines.com\/ca\/","name":"Novelty","description":"Tienda muebles de cocina y ba\u00f1o, reformas integrales e interiorismo.","publisher":{"@id":"https:\/\/www.noveltycuines.com\/ca\/#organization"},"alternateName":"Novelty","potentialAction":[{"@type":"SearchAction","target":{"@type":"EntryPoint","urlTemplate":"https:\/\/www.noveltycuines.com\/ca\/?s={search_term_string}"},"query-input":{"@type":"PropertyValueSpecification","valueRequired":true,"valueName":"search_term_string"}}],"inLanguage":"ca"},{"@type":"Organization","@id":"https:\/\/www.noveltycuines.com\/ca\/#organization","name":"Novelty","alternateName":"Novelty","url":"https:\/\/www.noveltycuines.com\/ca\/","logo":{"@type":"ImageObject","inLanguage":"ca","@id":"https:\/\/www.noveltycuines.com\/ca\/#\/schema\/logo\/image\/","url":"https:\/\/www.noveltycuines.com\/wp-content\/uploads\/2024\/02\/logo-yoast.png","contentUrl":"https:\/\/www.noveltycuines.com\/wp-content\/uploads\/2024\/02\/logo-yoast.png","width":600,"height":600,"caption":"Novelty"},"image":{"@id":"https:\/\/www.noveltycuines.com\/ca\/#\/schema\/logo\/image\/"},"sameAs":["https:\/\/www.facebook.com\/NoveltyCuines","https:\/\/www.instagram.com\/noveltycuines\/"]}]}},"_links":{"self":[{"href":"https:\/\/www.noveltycuines.com\/ca\/wp-json\/wp\/v2\/pages\/4830","targetHints":{"allow":["GET"]}}],"collection":[{"href":"https:\/\/www.noveltycuines.com\/ca\/wp-json\/wp\/v2\/pages"}],"about":[{"href":"https:\/\/www.noveltycuines.com\/ca\/wp-json\/wp\/v2\/types\/page"}],"author":[{"embeddable":true,"href":"https:\/\/www.noveltycuines.com\/ca\/wp-json\/wp\/v2\/users\/3"}],"replies":[{"embeddable":true,"href":"https:\/\/www.noveltycuines.com\/ca\/wp-json\/wp\/v2\/comments?post=4830"}],"version-history":[{"count":0,"href":"https:\/\/www.noveltycuines.com\/ca\/wp-json\/wp\/v2\/pages\/4830\/revisions"}],"wp:attachment":[{"href":"https:\/\/www.noveltycuines.com\/ca\/wp-json\/wp\/v2\/media?parent=4830"}],"curies":[{"name":"wp","href":"https:\/\/api.w.org\/{rel}","templated":true}]}}