{"id":4650,"date":"2024-01-10T13:25:19","date_gmt":"2024-01-10T11:25:19","guid":{"rendered":"https:\/\/www.noveltycuines.com\/mobles-cuina\/mueble-cocina-dica-serie45-blanco-polar\/"},"modified":"2024-03-06T11:52:14","modified_gmt":"2024-03-06T09:52:14","slug":"moble-cuina-dica-serie45-blanc-polar","status":"publish","type":"page","link":"https:\/\/www.noveltycuines.com\/ca\/mobles-cuina\/moble-cuina-dica-serie45-blanc-polar\/","title":{"rendered":"Cuines &#8211; S\u00e8rie 45 Blanc polar"},"content":{"rendered":"\t\t<div data-elementor-type=\"wp-page\" data-elementor-id=\"4650\" class=\"elementor elementor-4650 elementor-465\" data-elementor-post-type=\"page\">\n\t\t\t\t\t\t<section class=\"elementor-section elementor-top-section elementor-element elementor-element-2df44795 elementor-section-boxed elementor-section-height-default elementor-section-height-default\" data-id=\"2df44795\" data-element_type=\"section\" data-e-type=\"section\">\n\t\t\t\t\t\t<div class=\"elementor-container elementor-column-gap-default\">\n\t\t\t\t\t<div class=\"elementor-column elementor-col-33 elementor-top-column elementor-element elementor-element-4a0617c9\" data-id=\"4a0617c9\" data-element_type=\"column\" data-e-type=\"column\">\n\t\t\t<div class=\"elementor-widget-wrap elementor-element-populated\">\n\t\t\t\t\t\t<div class=\"elementor-element elementor-element-42174734 elementor-widget elementor-widget-heading\" data-id=\"42174734\" data-element_type=\"widget\" data-e-type=\"widget\" data-widget_type=\"heading.default\">\n\t\t\t\t<div class=\"elementor-widget-container\">\n\t\t\t\t\t<p class=\"elementor-heading-title elementor-size-default\">S\u00e8rie 45<\/p>\t\t\t\t<\/div>\n\t\t\t\t<\/div>\n\t\t\t\t<div class=\"elementor-element elementor-element-39e96ea5 elementor-widget elementor-widget-heading\" data-id=\"39e96ea5\" data-element_type=\"widget\" data-e-type=\"widget\" data-widget_type=\"heading.default\">\n\t\t\t\t<div class=\"elementor-widget-container\">\n\t\t\t\t\t<h1 class=\"elementor-heading-title elementor-size-default\">Blanc polar<\/h1>\t\t\t\t<\/div>\n\t\t\t\t<\/div>\n\t\t\t\t\t<\/div>\n\t\t<\/div>\n\t\t\t\t<div class=\"elementor-column elementor-col-66 elementor-top-column elementor-element elementor-element-62fdd297\" data-id=\"62fdd297\" data-element_type=\"column\" data-e-type=\"column\">\n\t\t\t<div class=\"elementor-widget-wrap elementor-element-populated\">\n\t\t\t\t\t\t<div class=\"elementor-element elementor-element-4a77fcf2 elementor-widget elementor-widget-text-editor\" data-id=\"4a77fcf2\" data-element_type=\"widget\" data-e-type=\"widget\" data-widget_type=\"text-editor.default\">\n\t\t\t\t<div class=\"elementor-widget-container\">\n\t\t\t\t\t\t\t\t\t<p>L\u00ednies pures i minimalistes.<\/p><p>Potser el model de cuines m\u00e9s venut de Dica, format per l\u00ednies pures i minimalistes, amb un cant ingletat a 45 graus que fa tamb\u00e9 de tirador, podent aix\u00ed, obrir les portes i calaixos des de qualsevol punt augmentant la comoditat de la nostra cuina mentre treballem.<\/p>\t\t\t\t\t\t\t\t<\/div>\n\t\t\t\t<\/div>\n\t\t\t\t\t<\/div>\n\t\t<\/div>\n\t\t\t\t\t<\/div>\n\t\t<\/section>\n\t\t\t\t<section class=\"elementor-section elementor-top-section elementor-element elementor-element-46018f73 elementor-section-full_width elementor-section-height-default elementor-section-height-default\" data-id=\"46018f73\" data-element_type=\"section\" data-e-type=\"section\">\n\t\t\t\t\t\t<div class=\"elementor-container elementor-column-gap-default\">\n\t\t\t\t\t<div class=\"elementor-column elementor-col-100 elementor-top-column elementor-element elementor-element-3860e119\" data-id=\"3860e119\" data-element_type=\"column\" data-e-type=\"column\">\n\t\t\t<div class=\"elementor-widget-wrap elementor-element-populated\">\n\t\t\t\t\t\t<div class=\"elementor-element elementor-element-265fee5 elementor-widget elementor-widget-gallery\" data-id=\"265fee5\" data-element_type=\"widget\" data-e-type=\"widget\" data-settings=\"{&quot;gallery_layout&quot;:&quot;masonry&quot;,&quot;columns&quot;:3,&quot;gap&quot;:{&quot;unit&quot;:&quot;px&quot;,&quot;size&quot;:42,&quot;sizes&quot;:[]},&quot;lazyload&quot;:&quot;yes&quot;,&quot;columns_tablet&quot;:2,&quot;columns_mobile&quot;:1,&quot;gap_tablet&quot;:{&quot;unit&quot;:&quot;px&quot;,&quot;size&quot;:10,&quot;sizes&quot;:[]},&quot;gap_mobile&quot;:{&quot;unit&quot;:&quot;px&quot;,&quot;size&quot;:10,&quot;sizes&quot;:[]},&quot;link_to&quot;:&quot;file&quot;,&quot;overlay_background&quot;:&quot;yes&quot;,&quot;content_hover_animation&quot;:&quot;fade-in&quot;}\" data-widget_type=\"gallery.default\">\n\t\t\t\t<div class=\"elementor-widget-container\">\n\t\t\t\t\t\t\t<div class=\"elementor-gallery__container\">\n\t\t\t\t\t\t\t<a class=\"e-gallery-item elementor-gallery-item elementor-animated-content\" href=\"https:\/\/www.noveltycuines.com\/wp-content\/uploads\/2024\/01\/04_BlancoPolar.jpg\" data-elementor-open-lightbox=\"yes\" data-elementor-lightbox-slideshow=\"265fee5\" data-elementor-lightbox-title=\"04_BlancoPolar\" data-elementor-lightbox-description=\"Cocinas Novelty Cocinas\" data-e-action-hash=\"#elementor-action%3Aaction%3Dlightbox%26settings%3DeyJpZCI6Nzk1LCJ1cmwiOiJodHRwczpcL1wvd3d3Lm5vdmVsdHljdWluZXMuY29tXC93cC1jb250ZW50XC91cGxvYWRzXC8yMDI0XC8wMVwvMDRfQmxhbmNvUG9sYXIuanBnIiwic2xpZGVzaG93IjoiMjY1ZmVlNSJ9\">\n\t\t\t\t\t<div class=\"e-gallery-image elementor-gallery-item__image\" data-thumbnail=\"https:\/\/www.noveltycuines.com\/wp-content\/uploads\/2024\/01\/04_BlancoPolar.jpg\" data-width=\"796\" data-height=\"360\" aria-label=\"Cocinas Novelty Cocinas\" role=\"img\" ><\/div>\n\t\t\t\t\t\t\t\t\t\t\t<div class=\"elementor-gallery-item__overlay\"><\/div>\n\t\t\t\t\t\t\t\t\t\t\t\t\t\t<\/a>\n\t\t\t\t\t\t\t<a class=\"e-gallery-item elementor-gallery-item elementor-animated-content\" href=\"https:\/\/www.noveltycuines.com\/wp-content\/uploads\/2024\/01\/07_BlancoPolar.jpg\" data-elementor-open-lightbox=\"yes\" data-elementor-lightbox-slideshow=\"265fee5\" data-elementor-lightbox-title=\"07_BlancoPolar\" data-elementor-lightbox-description=\"Cocina Serie 45 Blanco Polar\" data-e-action-hash=\"#elementor-action%3Aaction%3Dlightbox%26settings%3DeyJpZCI6Nzg5LCJ1cmwiOiJodHRwczpcL1wvd3d3Lm5vdmVsdHljdWluZXMuY29tXC93cC1jb250ZW50XC91cGxvYWRzXC8yMDI0XC8wMVwvMDdfQmxhbmNvUG9sYXIuanBnIiwic2xpZGVzaG93IjoiMjY1ZmVlNSJ9\">\n\t\t\t\t\t<div class=\"e-gallery-image elementor-gallery-item__image\" data-thumbnail=\"https:\/\/www.noveltycuines.com\/wp-content\/uploads\/2024\/01\/07_BlancoPolar.jpg\" data-width=\"796\" data-height=\"360\" aria-label=\"Cocina Serie 45 Blanco Polar\" role=\"img\" ><\/div>\n\t\t\t\t\t\t\t\t\t\t\t<div class=\"elementor-gallery-item__overlay\"><\/div>\n\t\t\t\t\t\t\t\t\t\t\t\t\t\t<\/a>\n\t\t\t\t\t\t\t<a class=\"e-gallery-item elementor-gallery-item elementor-animated-content\" href=\"https:\/\/www.noveltycuines.com\/wp-content\/uploads\/2024\/01\/01_BlancoPolar-1.jpg\" data-elementor-open-lightbox=\"yes\" data-elementor-lightbox-slideshow=\"265fee5\" data-elementor-lightbox-title=\"01_BlancoPolar\" data-elementor-lightbox-description=\"Cocinas Novelty Cocinas\" data-e-action-hash=\"#elementor-action%3Aaction%3Dlightbox%26settings%3DeyJpZCI6Nzk2LCJ1cmwiOiJodHRwczpcL1wvd3d3Lm5vdmVsdHljdWluZXMuY29tXC93cC1jb250ZW50XC91cGxvYWRzXC8yMDI0XC8wMVwvMDFfQmxhbmNvUG9sYXItMS5qcGciLCJzbGlkZXNob3ciOiIyNjVmZWU1In0%3D\">\n\t\t\t\t\t<div class=\"e-gallery-image elementor-gallery-item__image\" data-thumbnail=\"https:\/\/www.noveltycuines.com\/wp-content\/uploads\/2024\/01\/01_BlancoPolar-1.jpg\" data-width=\"796\" data-height=\"360\" aria-label=\"Cocinas Novelty Cocinas\" role=\"img\" ><\/div>\n\t\t\t\t\t\t\t\t\t\t\t<div class=\"elementor-gallery-item__overlay\"><\/div>\n\t\t\t\t\t\t\t\t\t\t\t\t\t\t<\/a>\n\t\t\t\t\t\t\t<a class=\"e-gallery-item elementor-gallery-item elementor-animated-content\" href=\"https:\/\/www.noveltycuines.com\/wp-content\/uploads\/2024\/01\/02_BlancoPolar.jpg\" data-elementor-open-lightbox=\"yes\" data-elementor-lightbox-slideshow=\"265fee5\" data-elementor-lightbox-title=\"02_BlancoPolar\" data-elementor-lightbox-description=\"Cocinas Novelty Cocinas\" data-e-action-hash=\"#elementor-action%3Aaction%3Dlightbox%26settings%3DeyJpZCI6NzkwLCJ1cmwiOiJodHRwczpcL1wvd3d3Lm5vdmVsdHljdWluZXMuY29tXC93cC1jb250ZW50XC91cGxvYWRzXC8yMDI0XC8wMVwvMDJfQmxhbmNvUG9sYXIuanBnIiwic2xpZGVzaG93IjoiMjY1ZmVlNSJ9\">\n\t\t\t\t\t<div class=\"e-gallery-image elementor-gallery-item__image\" data-thumbnail=\"https:\/\/www.noveltycuines.com\/wp-content\/uploads\/2024\/01\/02_BlancoPolar.jpg\" data-width=\"796\" data-height=\"360\" aria-label=\"Cocinas Novelty Cocinas\" role=\"img\" ><\/div>\n\t\t\t\t\t\t\t\t\t\t\t<div class=\"elementor-gallery-item__overlay\"><\/div>\n\t\t\t\t\t\t\t\t\t\t\t\t\t\t<\/a>\n\t\t\t\t\t\t\t<a class=\"e-gallery-item elementor-gallery-item elementor-animated-content\" href=\"https:\/\/www.noveltycuines.com\/wp-content\/uploads\/2024\/01\/03_SlideShow.jpg\" data-elementor-open-lightbox=\"yes\" data-elementor-lightbox-slideshow=\"265fee5\" data-elementor-lightbox-title=\"03_SlideShow\" data-elementor-lightbox-description=\"Cocina Serie 45 Blanco Polar\" data-e-action-hash=\"#elementor-action%3Aaction%3Dlightbox%26settings%3DeyJpZCI6NzkxLCJ1cmwiOiJodHRwczpcL1wvd3d3Lm5vdmVsdHljdWluZXMuY29tXC93cC1jb250ZW50XC91cGxvYWRzXC8yMDI0XC8wMVwvMDNfU2xpZGVTaG93LmpwZyIsInNsaWRlc2hvdyI6IjI2NWZlZTUifQ%3D%3D\">\n\t\t\t\t\t<div class=\"e-gallery-image elementor-gallery-item__image\" data-thumbnail=\"https:\/\/www.noveltycuines.com\/wp-content\/uploads\/2024\/01\/03_SlideShow.jpg\" data-width=\"796\" data-height=\"360\" aria-label=\"Cocina Serie 45 Blanco Polar\" role=\"img\" ><\/div>\n\t\t\t\t\t\t\t\t\t\t\t<div class=\"elementor-gallery-item__overlay\"><\/div>\n\t\t\t\t\t\t\t\t\t\t\t\t\t\t<\/a>\n\t\t\t\t\t\t\t<a class=\"e-gallery-item elementor-gallery-item elementor-animated-content\" href=\"https:\/\/www.noveltycuines.com\/wp-content\/uploads\/2024\/01\/00_SlideShow.jpg\" data-elementor-open-lightbox=\"yes\" data-elementor-lightbox-slideshow=\"265fee5\" data-elementor-lightbox-title=\"00_SlideShow\" data-elementor-lightbox-description=\"Cocinas Novelty Cocinas\" data-e-action-hash=\"#elementor-action%3Aaction%3Dlightbox%26settings%3DeyJpZCI6NzkzLCJ1cmwiOiJodHRwczpcL1wvd3d3Lm5vdmVsdHljdWluZXMuY29tXC93cC1jb250ZW50XC91cGxvYWRzXC8yMDI0XC8wMVwvMDBfU2xpZGVTaG93LmpwZyIsInNsaWRlc2hvdyI6IjI2NWZlZTUifQ%3D%3D\">\n\t\t\t\t\t<div class=\"e-gallery-image elementor-gallery-item__image\" data-thumbnail=\"https:\/\/www.noveltycuines.com\/wp-content\/uploads\/2024\/01\/00_SlideShow.jpg\" data-width=\"796\" data-height=\"360\" aria-label=\"Cocinas Novelty Cocinas\" role=\"img\" ><\/div>\n\t\t\t\t\t\t\t\t\t\t\t<div class=\"elementor-gallery-item__overlay\"><\/div>\n\t\t\t\t\t\t\t\t\t\t\t\t\t\t<\/a>\n\t\t\t\t\t\t\t<a class=\"e-gallery-item elementor-gallery-item elementor-animated-content\" href=\"https:\/\/www.noveltycuines.com\/wp-content\/uploads\/2024\/01\/06_BlancoPolar.jpg\" data-elementor-open-lightbox=\"yes\" data-elementor-lightbox-slideshow=\"265fee5\" data-elementor-lightbox-title=\"06_BlancoPolar\" data-elementor-lightbox-description=\"Cocinas Novelty Cocinas\" data-e-action-hash=\"#elementor-action%3Aaction%3Dlightbox%26settings%3DeyJpZCI6Nzg3LCJ1cmwiOiJodHRwczpcL1wvd3d3Lm5vdmVsdHljdWluZXMuY29tXC93cC1jb250ZW50XC91cGxvYWRzXC8yMDI0XC8wMVwvMDZfQmxhbmNvUG9sYXIuanBnIiwic2xpZGVzaG93IjoiMjY1ZmVlNSJ9\">\n\t\t\t\t\t<div class=\"e-gallery-image elementor-gallery-item__image\" data-thumbnail=\"https:\/\/www.noveltycuines.com\/wp-content\/uploads\/2024\/01\/06_BlancoPolar.jpg\" data-width=\"796\" data-height=\"360\" aria-label=\"Cocinas Novelty Cocinas\" role=\"img\" ><\/div>\n\t\t\t\t\t\t\t\t\t\t\t<div class=\"elementor-gallery-item__overlay\"><\/div>\n\t\t\t\t\t\t\t\t\t\t\t\t\t\t<\/a>\n\t\t\t\t\t\t\t<a class=\"e-gallery-item elementor-gallery-item elementor-animated-content\" href=\"https:\/\/www.noveltycuines.com\/wp-content\/uploads\/2024\/01\/00_BlancoPolar.jpg\" data-elementor-open-lightbox=\"yes\" data-elementor-lightbox-slideshow=\"265fee5\" data-elementor-lightbox-title=\"00_BlancoPolar\" data-elementor-lightbox-description=\"Cocina Serie 45 Blanco Polar\" data-e-action-hash=\"#elementor-action%3Aaction%3Dlightbox%26settings%3DeyJpZCI6NzkyLCJ1cmwiOiJodHRwczpcL1wvd3d3Lm5vdmVsdHljdWluZXMuY29tXC93cC1jb250ZW50XC91cGxvYWRzXC8yMDI0XC8wMVwvMDBfQmxhbmNvUG9sYXIuanBnIiwic2xpZGVzaG93IjoiMjY1ZmVlNSJ9\">\n\t\t\t\t\t<div class=\"e-gallery-image elementor-gallery-item__image\" data-thumbnail=\"https:\/\/www.noveltycuines.com\/wp-content\/uploads\/2024\/01\/00_BlancoPolar.jpg\" data-width=\"796\" data-height=\"360\" aria-label=\"Cocina Serie 45 Blanco Polar\" role=\"img\" ><\/div>\n\t\t\t\t\t\t\t\t\t\t\t<div class=\"elementor-gallery-item__overlay\"><\/div>\n\t\t\t\t\t\t\t\t\t\t\t\t\t\t<\/a>\n\t\t\t\t\t\t\t<a class=\"e-gallery-item elementor-gallery-item elementor-animated-content\" href=\"https:\/\/www.noveltycuines.com\/wp-content\/uploads\/2024\/01\/05_BlancoPolar.jpg\" data-elementor-open-lightbox=\"yes\" data-elementor-lightbox-slideshow=\"265fee5\" data-elementor-lightbox-title=\"05_BlancoPolar\" data-elementor-lightbox-description=\"Cocina Serie 45 Blanco Polar\" data-e-action-hash=\"#elementor-action%3Aaction%3Dlightbox%26settings%3DeyJpZCI6Nzg4LCJ1cmwiOiJodHRwczpcL1wvd3d3Lm5vdmVsdHljdWluZXMuY29tXC93cC1jb250ZW50XC91cGxvYWRzXC8yMDI0XC8wMVwvMDVfQmxhbmNvUG9sYXIuanBnIiwic2xpZGVzaG93IjoiMjY1ZmVlNSJ9\">\n\t\t\t\t\t<div class=\"e-gallery-image elementor-gallery-item__image\" data-thumbnail=\"https:\/\/www.noveltycuines.com\/wp-content\/uploads\/2024\/01\/05_BlancoPolar.jpg\" data-width=\"796\" data-height=\"360\" aria-label=\"Cocina Serie 45 Blanco Polar\" role=\"img\" ><\/div>\n\t\t\t\t\t\t\t\t\t\t\t<div class=\"elementor-gallery-item__overlay\"><\/div>\n\t\t\t\t\t\t\t\t\t\t\t\t\t\t<\/a>\n\t\t\t\t\t<\/div>\n\t\t\t\t\t<\/div>\n\t\t\t\t<\/div>\n\t\t\t\t\t<\/div>\n\t\t<\/div>\n\t\t\t\t\t<\/div>\n\t\t<\/section>\n\t\t\t\t<\/div>\n\t\t","protected":false},"excerpt":{"rendered":"<p>S\u00e8rie 45 Blanc polar L\u00ednies pures i minimalistes. Potser el model de cuines m\u00e9s venut de Dica, format per l\u00ednies pures i minimalistes, amb un cant ingletat a 45 graus que fa tamb\u00e9 de tirador, podent aix\u00ed, obrir les portes i calaixos des de qualsevol punt augmentant la comoditat de la nostra cuina mentre treballem.<\/p>\n","protected":false},"author":3,"featured_media":0,"parent":4489,"menu_order":0,"comment_status":"closed","ping_status":"closed","template":"","meta":{"_acf_changed":false,"footnotes":""},"class_list":["post-4650","page","type-page","status-publish","hentry"],"acf":[],"yoast_head":"<!-- This site is optimized with the Yoast SEO plugin v27.3 - https:\/\/yoast.com\/product\/yoast-seo-wordpress\/ -->\n<title>Moble de cuina Dica S\u00e8rie 45 Blanc Polar | Novelty Cuines<\/title>\n<meta name=\"description\" content=\"De l\u00ednies rectes i minimalistes, la s\u00e8rie 45 \u00e9s la proposta m\u00e9s contempor\u00e0nica de Dica. Descobreix el model Blanc Polar.\" \/>\n<meta name=\"robots\" content=\"index, follow, max-snippet:-1, max-image-preview:large, max-video-preview:-1\" \/>\n<link rel=\"canonical\" href=\"https:\/\/www.noveltycuines.com\/ca\/mobles-cuina\/moble-cuina-dica-serie45-blanc-polar\/\" \/>\n<meta property=\"og:locale\" content=\"ca_ES\" \/>\n<meta property=\"og:type\" content=\"article\" \/>\n<meta property=\"og:title\" content=\"Moble de cuina Dica S\u00e8rie 45 Blanc Polar | Novelty Cuines\" \/>\n<meta property=\"og:description\" content=\"De l\u00ednies rectes i minimalistes, la s\u00e8rie 45 \u00e9s la proposta m\u00e9s contempor\u00e0nica de Dica. Descobreix el model Blanc Polar.\" \/>\n<meta property=\"og:url\" content=\"https:\/\/www.noveltycuines.com\/ca\/mobles-cuina\/moble-cuina-dica-serie45-blanc-polar\/\" \/>\n<meta property=\"og:site_name\" content=\"Novelty Cuines\" \/>\n<meta property=\"article:publisher\" content=\"https:\/\/www.facebook.com\/NoveltyCuines\" \/>\n<meta property=\"article:modified_time\" content=\"2024-03-06T09:52:14+00:00\" \/>\n<meta property=\"og:image\" content=\"https:\/\/www.noveltycuines.com\/wp-content\/uploads\/2024\/01\/logo-header-pos.png\" \/>\n\t<meta property=\"og:image:width\" content=\"253\" \/>\n\t<meta property=\"og:image:height\" content=\"73\" \/>\n\t<meta property=\"og:image:type\" content=\"image\/png\" \/>\n<meta name=\"twitter:card\" content=\"summary_large_image\" \/>\n<meta name=\"twitter:label1\" content=\"Temps estimat de lectura\" \/>\n\t<meta name=\"twitter:data1\" content=\"1 minut\" \/>\n<script type=\"application\/ld+json\" class=\"yoast-schema-graph\">{\"@context\":\"https:\\\/\\\/schema.org\",\"@graph\":[{\"@type\":\"WebPage\",\"@id\":\"https:\\\/\\\/www.noveltycuines.com\\\/ca\\\/mobles-cuina\\\/moble-cuina-dica-serie45-blanc-polar\\\/\",\"url\":\"https:\\\/\\\/www.noveltycuines.com\\\/ca\\\/mobles-cuina\\\/moble-cuina-dica-serie45-blanc-polar\\\/\",\"name\":\"Moble de cuina Dica S\u00e8rie 45 Blanc Polar | Novelty Cuines\",\"isPartOf\":{\"@id\":\"https:\\\/\\\/www.noveltycuines.com\\\/ca\\\/#website\"},\"datePublished\":\"2024-01-10T11:25:19+00:00\",\"dateModified\":\"2024-03-06T09:52:14+00:00\",\"description\":\"De l\u00ednies rectes i minimalistes, la s\u00e8rie 45 \u00e9s la proposta m\u00e9s contempor\u00e0nica de Dica. Descobreix el model Blanc Polar.\",\"breadcrumb\":{\"@id\":\"https:\\\/\\\/www.noveltycuines.com\\\/ca\\\/mobles-cuina\\\/moble-cuina-dica-serie45-blanc-polar\\\/#breadcrumb\"},\"inLanguage\":\"ca\",\"potentialAction\":[{\"@type\":\"ReadAction\",\"target\":[\"https:\\\/\\\/www.noveltycuines.com\\\/ca\\\/mobles-cuina\\\/moble-cuina-dica-serie45-blanc-polar\\\/\"]}]},{\"@type\":\"BreadcrumbList\",\"@id\":\"https:\\\/\\\/www.noveltycuines.com\\\/ca\\\/mobles-cuina\\\/moble-cuina-dica-serie45-blanc-polar\\\/#breadcrumb\",\"itemListElement\":[{\"@type\":\"ListItem\",\"position\":1,\"name\":\"Portada\",\"item\":\"https:\\\/\\\/www.noveltycuines.com\\\/ca\\\/\"},{\"@type\":\"ListItem\",\"position\":2,\"name\":\"Cuines\",\"item\":\"https:\\\/\\\/www.noveltycuines.com\\\/ca\\\/muebles-cocina\\\/\"},{\"@type\":\"ListItem\",\"position\":3,\"name\":\"Cuines &#8211; S\u00e8rie 45 Blanc polar\"}]},{\"@type\":\"WebSite\",\"@id\":\"https:\\\/\\\/www.noveltycuines.com\\\/ca\\\/#website\",\"url\":\"https:\\\/\\\/www.noveltycuines.com\\\/ca\\\/\",\"name\":\"Novelty\",\"description\":\"Tienda muebles de cocina y ba\u00f1o, reformas integrales e interiorismo.\",\"publisher\":{\"@id\":\"https:\\\/\\\/www.noveltycuines.com\\\/ca\\\/#organization\"},\"alternateName\":\"Novelty\",\"potentialAction\":[{\"@type\":\"SearchAction\",\"target\":{\"@type\":\"EntryPoint\",\"urlTemplate\":\"https:\\\/\\\/www.noveltycuines.com\\\/ca\\\/?s={search_term_string}\"},\"query-input\":{\"@type\":\"PropertyValueSpecification\",\"valueRequired\":true,\"valueName\":\"search_term_string\"}}],\"inLanguage\":\"ca\"},{\"@type\":\"Organization\",\"@id\":\"https:\\\/\\\/www.noveltycuines.com\\\/ca\\\/#organization\",\"name\":\"Novelty\",\"alternateName\":\"Novelty\",\"url\":\"https:\\\/\\\/www.noveltycuines.com\\\/ca\\\/\",\"logo\":{\"@type\":\"ImageObject\",\"inLanguage\":\"ca\",\"@id\":\"https:\\\/\\\/www.noveltycuines.com\\\/ca\\\/#\\\/schema\\\/logo\\\/image\\\/\",\"url\":\"https:\\\/\\\/www.noveltycuines.com\\\/wp-content\\\/uploads\\\/2024\\\/02\\\/logo-yoast.png\",\"contentUrl\":\"https:\\\/\\\/www.noveltycuines.com\\\/wp-content\\\/uploads\\\/2024\\\/02\\\/logo-yoast.png\",\"width\":600,\"height\":600,\"caption\":\"Novelty\"},\"image\":{\"@id\":\"https:\\\/\\\/www.noveltycuines.com\\\/ca\\\/#\\\/schema\\\/logo\\\/image\\\/\"},\"sameAs\":[\"https:\\\/\\\/www.facebook.com\\\/NoveltyCuines\",\"https:\\\/\\\/www.instagram.com\\\/noveltycuines\\\/\"]}]}<\/script>\n<!-- \/ Yoast SEO plugin. -->","yoast_head_json":{"title":"Moble de cuina Dica S\u00e8rie 45 Blanc Polar | Novelty Cuines","description":"De l\u00ednies rectes i minimalistes, la s\u00e8rie 45 \u00e9s la proposta m\u00e9s contempor\u00e0nica de Dica. Descobreix el model Blanc Polar.","robots":{"index":"index","follow":"follow","max-snippet":"max-snippet:-1","max-image-preview":"max-image-preview:large","max-video-preview":"max-video-preview:-1"},"canonical":"https:\/\/www.noveltycuines.com\/ca\/mobles-cuina\/moble-cuina-dica-serie45-blanc-polar\/","og_locale":"ca_ES","og_type":"article","og_title":"Moble de cuina Dica S\u00e8rie 45 Blanc Polar | Novelty Cuines","og_description":"De l\u00ednies rectes i minimalistes, la s\u00e8rie 45 \u00e9s la proposta m\u00e9s contempor\u00e0nica de Dica. Descobreix el model Blanc Polar.","og_url":"https:\/\/www.noveltycuines.com\/ca\/mobles-cuina\/moble-cuina-dica-serie45-blanc-polar\/","og_site_name":"Novelty Cuines","article_publisher":"https:\/\/www.facebook.com\/NoveltyCuines","article_modified_time":"2024-03-06T09:52:14+00:00","og_image":[{"width":253,"height":73,"url":"https:\/\/www.noveltycuines.com\/wp-content\/uploads\/2024\/01\/logo-header-pos.png","type":"image\/png"}],"twitter_card":"summary_large_image","twitter_misc":{"Temps estimat de lectura":"1 minut"},"schema":{"@context":"https:\/\/schema.org","@graph":[{"@type":"WebPage","@id":"https:\/\/www.noveltycuines.com\/ca\/mobles-cuina\/moble-cuina-dica-serie45-blanc-polar\/","url":"https:\/\/www.noveltycuines.com\/ca\/mobles-cuina\/moble-cuina-dica-serie45-blanc-polar\/","name":"Moble de cuina Dica S\u00e8rie 45 Blanc Polar | Novelty Cuines","isPartOf":{"@id":"https:\/\/www.noveltycuines.com\/ca\/#website"},"datePublished":"2024-01-10T11:25:19+00:00","dateModified":"2024-03-06T09:52:14+00:00","description":"De l\u00ednies rectes i minimalistes, la s\u00e8rie 45 \u00e9s la proposta m\u00e9s contempor\u00e0nica de Dica. Descobreix el model Blanc Polar.","breadcrumb":{"@id":"https:\/\/www.noveltycuines.com\/ca\/mobles-cuina\/moble-cuina-dica-serie45-blanc-polar\/#breadcrumb"},"inLanguage":"ca","potentialAction":[{"@type":"ReadAction","target":["https:\/\/www.noveltycuines.com\/ca\/mobles-cuina\/moble-cuina-dica-serie45-blanc-polar\/"]}]},{"@type":"BreadcrumbList","@id":"https:\/\/www.noveltycuines.com\/ca\/mobles-cuina\/moble-cuina-dica-serie45-blanc-polar\/#breadcrumb","itemListElement":[{"@type":"ListItem","position":1,"name":"Portada","item":"https:\/\/www.noveltycuines.com\/ca\/"},{"@type":"ListItem","position":2,"name":"Cuines","item":"https:\/\/www.noveltycuines.com\/ca\/muebles-cocina\/"},{"@type":"ListItem","position":3,"name":"Cuines &#8211; S\u00e8rie 45 Blanc polar"}]},{"@type":"WebSite","@id":"https:\/\/www.noveltycuines.com\/ca\/#website","url":"https:\/\/www.noveltycuines.com\/ca\/","name":"Novelty","description":"Tienda muebles de cocina y ba\u00f1o, reformas integrales e interiorismo.","publisher":{"@id":"https:\/\/www.noveltycuines.com\/ca\/#organization"},"alternateName":"Novelty","potentialAction":[{"@type":"SearchAction","target":{"@type":"EntryPoint","urlTemplate":"https:\/\/www.noveltycuines.com\/ca\/?s={search_term_string}"},"query-input":{"@type":"PropertyValueSpecification","valueRequired":true,"valueName":"search_term_string"}}],"inLanguage":"ca"},{"@type":"Organization","@id":"https:\/\/www.noveltycuines.com\/ca\/#organization","name":"Novelty","alternateName":"Novelty","url":"https:\/\/www.noveltycuines.com\/ca\/","logo":{"@type":"ImageObject","inLanguage":"ca","@id":"https:\/\/www.noveltycuines.com\/ca\/#\/schema\/logo\/image\/","url":"https:\/\/www.noveltycuines.com\/wp-content\/uploads\/2024\/02\/logo-yoast.png","contentUrl":"https:\/\/www.noveltycuines.com\/wp-content\/uploads\/2024\/02\/logo-yoast.png","width":600,"height":600,"caption":"Novelty"},"image":{"@id":"https:\/\/www.noveltycuines.com\/ca\/#\/schema\/logo\/image\/"},"sameAs":["https:\/\/www.facebook.com\/NoveltyCuines","https:\/\/www.instagram.com\/noveltycuines\/"]}]}},"_links":{"self":[{"href":"https:\/\/www.noveltycuines.com\/ca\/wp-json\/wp\/v2\/pages\/4650","targetHints":{"allow":["GET"]}}],"collection":[{"href":"https:\/\/www.noveltycuines.com\/ca\/wp-json\/wp\/v2\/pages"}],"about":[{"href":"https:\/\/www.noveltycuines.com\/ca\/wp-json\/wp\/v2\/types\/page"}],"author":[{"embeddable":true,"href":"https:\/\/www.noveltycuines.com\/ca\/wp-json\/wp\/v2\/users\/3"}],"replies":[{"embeddable":true,"href":"https:\/\/www.noveltycuines.com\/ca\/wp-json\/wp\/v2\/comments?post=4650"}],"version-history":[{"count":0,"href":"https:\/\/www.noveltycuines.com\/ca\/wp-json\/wp\/v2\/pages\/4650\/revisions"}],"up":[{"embeddable":true,"href":"https:\/\/www.noveltycuines.com\/ca\/wp-json\/wp\/v2\/pages\/4489"}],"wp:attachment":[{"href":"https:\/\/www.noveltycuines.com\/ca\/wp-json\/wp\/v2\/media?parent=4650"}],"curies":[{"name":"wp","href":"https:\/\/api.w.org\/{rel}","templated":true}]}}