{"id":4649,"date":"2024-02-08T10:40:18","date_gmt":"2024-02-08T08:40:18","guid":{"rendered":"https:\/\/www.noveltycuines.com\/mobles-cuina\/dica-serie45-olmo-natur\/"},"modified":"2024-03-06T11:54:21","modified_gmt":"2024-03-06T09:54:21","slug":"dica-serie45-om-natur","status":"publish","type":"page","link":"https:\/\/www.noveltycuines.com\/ca\/mobles-cuina\/dica-serie45-om-natur\/","title":{"rendered":"Cuines &#8211; Om Natur"},"content":{"rendered":"\t\t<div data-elementor-type=\"wp-page\" data-elementor-id=\"4649\" class=\"elementor elementor-4649 elementor-3936\" data-elementor-post-type=\"page\">\n\t\t\t\t\t\t<section class=\"elementor-section elementor-top-section elementor-element elementor-element-2df44795 elementor-section-boxed elementor-section-height-default elementor-section-height-default\" data-id=\"2df44795\" data-element_type=\"section\" data-e-type=\"section\">\n\t\t\t\t\t\t<div class=\"elementor-container elementor-column-gap-default\">\n\t\t\t\t\t<div class=\"elementor-column elementor-col-33 elementor-top-column elementor-element elementor-element-4a0617c9\" data-id=\"4a0617c9\" data-element_type=\"column\" data-e-type=\"column\">\n\t\t\t<div class=\"elementor-widget-wrap elementor-element-populated\">\n\t\t\t\t\t\t<div class=\"elementor-element elementor-element-42174734 elementor-widget elementor-widget-heading\" data-id=\"42174734\" data-element_type=\"widget\" data-e-type=\"widget\" data-widget_type=\"heading.default\">\n\t\t\t\t<div class=\"elementor-widget-container\">\n\t\t\t\t\t<p class=\"elementor-heading-title elementor-size-default\">Serie 45<\/p>\t\t\t\t<\/div>\n\t\t\t\t<\/div>\n\t\t\t\t<div class=\"elementor-element elementor-element-39e96ea5 elementor-widget elementor-widget-heading\" data-id=\"39e96ea5\" data-element_type=\"widget\" data-e-type=\"widget\" data-widget_type=\"heading.default\">\n\t\t\t\t<div class=\"elementor-widget-container\">\n\t\t\t\t\t<h1 class=\"elementor-heading-title elementor-size-default\">Olmo Natur<\/h1>\t\t\t\t<\/div>\n\t\t\t\t<\/div>\n\t\t\t\t\t<\/div>\n\t\t<\/div>\n\t\t\t\t<div class=\"elementor-column elementor-col-66 elementor-top-column elementor-element elementor-element-62fdd297\" data-id=\"62fdd297\" data-element_type=\"column\" data-e-type=\"column\">\n\t\t\t<div class=\"elementor-widget-wrap elementor-element-populated\">\n\t\t\t\t\t\t<div class=\"elementor-element elementor-element-4a77fcf2 elementor-widget elementor-widget-text-editor\" data-id=\"4a77fcf2\" data-element_type=\"widget\" data-e-type=\"widget\" data-widget_type=\"text-editor.default\">\n\t\t\t\t<div class=\"elementor-widget-container\">\n\t\t\t\t\t\t\t\t\t<p>L\u00edneas puras y minimalistas.<\/p><p>Quiz\u00e1 el modelo de cocinas m\u00e1s vendido de Dica, formado por l\u00edneas puras y minimalistas, con un canto ingletado a 45 grados que hace a su vez de tirador, pudiendo as\u00ed, abrir las puertas y cajones desde cualquier punto aumentando la comodidad de nuestra cocina mientras trabajamos.<\/p>\t\t\t\t\t\t\t\t<\/div>\n\t\t\t\t<\/div>\n\t\t\t\t\t<\/div>\n\t\t<\/div>\n\t\t\t\t\t<\/div>\n\t\t<\/section>\n\t\t\t\t<section class=\"elementor-section elementor-top-section elementor-element elementor-element-46018f73 elementor-section-full_width elementor-section-height-default elementor-section-height-default\" data-id=\"46018f73\" data-element_type=\"section\" data-e-type=\"section\">\n\t\t\t\t\t\t<div class=\"elementor-container elementor-column-gap-default\">\n\t\t\t\t\t<div class=\"elementor-column elementor-col-100 elementor-top-column elementor-element elementor-element-3860e119\" data-id=\"3860e119\" data-element_type=\"column\" data-e-type=\"column\">\n\t\t\t<div class=\"elementor-widget-wrap elementor-element-populated\">\n\t\t\t\t\t\t<div class=\"elementor-element elementor-element-265fee5 elementor-widget elementor-widget-gallery\" data-id=\"265fee5\" data-element_type=\"widget\" data-e-type=\"widget\" data-settings=\"{&quot;gallery_layout&quot;:&quot;masonry&quot;,&quot;columns&quot;:3,&quot;gap&quot;:{&quot;unit&quot;:&quot;px&quot;,&quot;size&quot;:42,&quot;sizes&quot;:[]},&quot;lazyload&quot;:&quot;yes&quot;,&quot;columns_tablet&quot;:2,&quot;columns_mobile&quot;:1,&quot;gap_tablet&quot;:{&quot;unit&quot;:&quot;px&quot;,&quot;size&quot;:10,&quot;sizes&quot;:[]},&quot;gap_mobile&quot;:{&quot;unit&quot;:&quot;px&quot;,&quot;size&quot;:10,&quot;sizes&quot;:[]},&quot;link_to&quot;:&quot;file&quot;,&quot;overlay_background&quot;:&quot;yes&quot;,&quot;content_hover_animation&quot;:&quot;fade-in&quot;}\" data-widget_type=\"gallery.default\">\n\t\t\t\t<div class=\"elementor-widget-container\">\n\t\t\t\t\t\t\t<div class=\"elementor-gallery__container\">\n\t\t\t\t\t\t\t<a class=\"e-gallery-item elementor-gallery-item elementor-animated-content\" href=\"https:\/\/www.noveltycuines.com\/wp-content\/uploads\/2024\/02\/madera_de_roble_1-scaled.jpg\" data-elementor-open-lightbox=\"yes\" data-elementor-lightbox-slideshow=\"265fee5\" data-elementor-lightbox-title=\"madera_de_roble_1\" data-elementor-lightbox-description=\"Cocina Serie 45 Olmo Natur\" data-e-action-hash=\"#elementor-action%3Aaction%3Dlightbox%26settings%3DeyJpZCI6MzkxNiwidXJsIjoiaHR0cHM6XC9cL3d3dy5ub3ZlbHR5Y3VpbmVzLmNvbVwvd3AtY29udGVudFwvdXBsb2Fkc1wvMjAyNFwvMDJcL21hZGVyYV9kZV9yb2JsZV8xLXNjYWxlZC5qcGciLCJzbGlkZXNob3ciOiIyNjVmZWU1In0%3D\">\n\t\t\t\t\t<div class=\"e-gallery-image elementor-gallery-item__image\" data-thumbnail=\"https:\/\/www.noveltycuines.com\/wp-content\/uploads\/2024\/02\/madera_de_roble_1-1024x713.jpg\" data-width=\"800\" data-height=\"557\" aria-label=\"Cocina Serie 45 Olmo Natur\" role=\"img\" ><\/div>\n\t\t\t\t\t\t\t\t\t\t\t<div class=\"elementor-gallery-item__overlay\"><\/div>\n\t\t\t\t\t\t\t\t\t\t\t\t\t\t<\/a>\n\t\t\t\t\t\t\t<a class=\"e-gallery-item elementor-gallery-item elementor-animated-content\" href=\"https:\/\/www.noveltycuines.com\/wp-content\/uploads\/2024\/02\/madera_de_roble_2.jpg\" data-elementor-open-lightbox=\"yes\" data-elementor-lightbox-slideshow=\"265fee5\" data-elementor-lightbox-title=\"madera_de_roble_2\" data-elementor-lightbox-description=\"Cocina Serie 45 Olmo Natur\" data-e-action-hash=\"#elementor-action%3Aaction%3Dlightbox%26settings%3DeyJpZCI6MzkxOCwidXJsIjoiaHR0cHM6XC9cL3d3dy5ub3ZlbHR5Y3VpbmVzLmNvbVwvd3AtY29udGVudFwvdXBsb2Fkc1wvMjAyNFwvMDJcL21hZGVyYV9kZV9yb2JsZV8yLmpwZyIsInNsaWRlc2hvdyI6IjI2NWZlZTUifQ%3D%3D\">\n\t\t\t\t\t<div class=\"e-gallery-image elementor-gallery-item__image\" data-thumbnail=\"https:\/\/www.noveltycuines.com\/wp-content\/uploads\/2024\/02\/madera_de_roble_2-1024x672.jpg\" data-width=\"800\" data-height=\"525\" aria-label=\"Cocina Serie 45 Olmo Natur\" role=\"img\" ><\/div>\n\t\t\t\t\t\t\t\t\t\t\t<div class=\"elementor-gallery-item__overlay\"><\/div>\n\t\t\t\t\t\t\t\t\t\t\t\t\t\t<\/a>\n\t\t\t\t\t\t\t<a class=\"e-gallery-item elementor-gallery-item elementor-animated-content\" href=\"https:\/\/www.noveltycuines.com\/wp-content\/uploads\/2024\/02\/madera_de_roble_3.jpg\" data-elementor-open-lightbox=\"yes\" data-elementor-lightbox-slideshow=\"265fee5\" data-elementor-lightbox-title=\"madera_de_roble_3\" data-elementor-lightbox-description=\"Cocina Serie 45 Olmo Natur\" data-e-action-hash=\"#elementor-action%3Aaction%3Dlightbox%26settings%3DeyJpZCI6MzkyMCwidXJsIjoiaHR0cHM6XC9cL3d3dy5ub3ZlbHR5Y3VpbmVzLmNvbVwvd3AtY29udGVudFwvdXBsb2Fkc1wvMjAyNFwvMDJcL21hZGVyYV9kZV9yb2JsZV8zLmpwZyIsInNsaWRlc2hvdyI6IjI2NWZlZTUifQ%3D%3D\">\n\t\t\t\t\t<div class=\"e-gallery-image elementor-gallery-item__image\" data-thumbnail=\"https:\/\/www.noveltycuines.com\/wp-content\/uploads\/2024\/02\/madera_de_roble_3-691x1024.jpg\" data-width=\"691\" data-height=\"1024\" aria-label=\"Cocina Serie 45 Olmo Natur\" role=\"img\" ><\/div>\n\t\t\t\t\t\t\t\t\t\t\t<div class=\"elementor-gallery-item__overlay\"><\/div>\n\t\t\t\t\t\t\t\t\t\t\t\t\t\t<\/a>\n\t\t\t\t\t\t\t<a class=\"e-gallery-item elementor-gallery-item elementor-animated-content\" href=\"https:\/\/www.noveltycuines.com\/wp-content\/uploads\/2024\/02\/madera_de_roble_4.jpg\" data-elementor-open-lightbox=\"yes\" data-elementor-lightbox-slideshow=\"265fee5\" data-elementor-lightbox-title=\"madera_de_roble_4\" data-elementor-lightbox-description=\"Cocina Serie 45 Olmo Natur\" data-e-action-hash=\"#elementor-action%3Aaction%3Dlightbox%26settings%3DeyJpZCI6MzkyMiwidXJsIjoiaHR0cHM6XC9cL3d3dy5ub3ZlbHR5Y3VpbmVzLmNvbVwvd3AtY29udGVudFwvdXBsb2Fkc1wvMjAyNFwvMDJcL21hZGVyYV9kZV9yb2JsZV80LmpwZyIsInNsaWRlc2hvdyI6IjI2NWZlZTUifQ%3D%3D\">\n\t\t\t\t\t<div class=\"e-gallery-image elementor-gallery-item__image\" data-thumbnail=\"https:\/\/www.noveltycuines.com\/wp-content\/uploads\/2024\/02\/madera_de_roble_4-784x1024.jpg\" data-width=\"784\" data-height=\"1024\" aria-label=\"Cocina Serie 45 Olmo Natur\" role=\"img\" ><\/div>\n\t\t\t\t\t\t\t\t\t\t\t<div class=\"elementor-gallery-item__overlay\"><\/div>\n\t\t\t\t\t\t\t\t\t\t\t\t\t\t<\/a>\n\t\t\t\t\t\t\t<a class=\"e-gallery-item elementor-gallery-item elementor-animated-content\" href=\"https:\/\/www.noveltycuines.com\/wp-content\/uploads\/2024\/02\/madera_de_roble_5.jpg\" data-elementor-open-lightbox=\"yes\" data-elementor-lightbox-slideshow=\"265fee5\" data-elementor-lightbox-title=\"madera_de_roble_5\" data-elementor-lightbox-description=\"Cocina Serie 45 Olmo Natur\" data-e-action-hash=\"#elementor-action%3Aaction%3Dlightbox%26settings%3DeyJpZCI6MzkyNCwidXJsIjoiaHR0cHM6XC9cL3d3dy5ub3ZlbHR5Y3VpbmVzLmNvbVwvd3AtY29udGVudFwvdXBsb2Fkc1wvMjAyNFwvMDJcL21hZGVyYV9kZV9yb2JsZV81LmpwZyIsInNsaWRlc2hvdyI6IjI2NWZlZTUifQ%3D%3D\">\n\t\t\t\t\t<div class=\"e-gallery-image elementor-gallery-item__image\" data-thumbnail=\"https:\/\/www.noveltycuines.com\/wp-content\/uploads\/2024\/02\/madera_de_roble_5-1024x798.jpg\" data-width=\"800\" data-height=\"623\" aria-label=\"Cocina Serie 45 Olmo Natur\" role=\"img\" ><\/div>\n\t\t\t\t\t\t\t\t\t\t\t<div class=\"elementor-gallery-item__overlay\"><\/div>\n\t\t\t\t\t\t\t\t\t\t\t\t\t\t<\/a>\n\t\t\t\t\t\t\t<a class=\"e-gallery-item elementor-gallery-item elementor-animated-content\" href=\"https:\/\/www.noveltycuines.com\/wp-content\/uploads\/2024\/02\/madera_de_roble_6.jpg\" data-elementor-open-lightbox=\"yes\" data-elementor-lightbox-slideshow=\"265fee5\" data-elementor-lightbox-title=\"madera_de_roble_6\" data-elementor-lightbox-description=\"Cocina Serie 45 Olmo Natur\" data-e-action-hash=\"#elementor-action%3Aaction%3Dlightbox%26settings%3DeyJpZCI6MzkyNiwidXJsIjoiaHR0cHM6XC9cL3d3dy5ub3ZlbHR5Y3VpbmVzLmNvbVwvd3AtY29udGVudFwvdXBsb2Fkc1wvMjAyNFwvMDJcL21hZGVyYV9kZV9yb2JsZV82LmpwZyIsInNsaWRlc2hvdyI6IjI2NWZlZTUifQ%3D%3D\">\n\t\t\t\t\t<div class=\"e-gallery-image elementor-gallery-item__image\" data-thumbnail=\"https:\/\/www.noveltycuines.com\/wp-content\/uploads\/2024\/02\/madera_de_roble_6-1024x886.jpg\" data-width=\"800\" data-height=\"692\" aria-label=\"Cocina Serie 45 Olmo Natur\" role=\"img\" ><\/div>\n\t\t\t\t\t\t\t\t\t\t\t<div class=\"elementor-gallery-item__overlay\"><\/div>\n\t\t\t\t\t\t\t\t\t\t\t\t\t\t<\/a>\n\t\t\t\t\t\t\t<a class=\"e-gallery-item elementor-gallery-item elementor-animated-content\" href=\"https:\/\/www.noveltycuines.com\/wp-content\/uploads\/2024\/02\/madera_de_roble_7.jpg\" data-elementor-open-lightbox=\"yes\" data-elementor-lightbox-slideshow=\"265fee5\" data-elementor-lightbox-title=\"madera_de_roble_7\" data-elementor-lightbox-description=\"Cocina Serie 45 Olmo Natur\" data-e-action-hash=\"#elementor-action%3Aaction%3Dlightbox%26settings%3DeyJpZCI6MzkyOCwidXJsIjoiaHR0cHM6XC9cL3d3dy5ub3ZlbHR5Y3VpbmVzLmNvbVwvd3AtY29udGVudFwvdXBsb2Fkc1wvMjAyNFwvMDJcL21hZGVyYV9kZV9yb2JsZV83LmpwZyIsInNsaWRlc2hvdyI6IjI2NWZlZTUifQ%3D%3D\">\n\t\t\t\t\t<div class=\"e-gallery-image elementor-gallery-item__image\" data-thumbnail=\"https:\/\/www.noveltycuines.com\/wp-content\/uploads\/2024\/02\/madera_de_roble_7-1015x1024.jpg\" data-width=\"800\" data-height=\"807\" aria-label=\"Cocina Serie 45 Olmo Natur\" role=\"img\" ><\/div>\n\t\t\t\t\t\t\t\t\t\t\t<div class=\"elementor-gallery-item__overlay\"><\/div>\n\t\t\t\t\t\t\t\t\t\t\t\t\t\t<\/a>\n\t\t\t\t\t\t\t<a class=\"e-gallery-item elementor-gallery-item elementor-animated-content\" href=\"https:\/\/www.noveltycuines.com\/wp-content\/uploads\/2024\/02\/madera_de_roble_8.jpg\" data-elementor-open-lightbox=\"yes\" data-elementor-lightbox-slideshow=\"265fee5\" data-elementor-lightbox-title=\"madera_de_roble_8\" data-elementor-lightbox-description=\"Cocina Serie 45 Olmo Natur\" data-e-action-hash=\"#elementor-action%3Aaction%3Dlightbox%26settings%3DeyJpZCI6MzkzMCwidXJsIjoiaHR0cHM6XC9cL3d3dy5ub3ZlbHR5Y3VpbmVzLmNvbVwvd3AtY29udGVudFwvdXBsb2Fkc1wvMjAyNFwvMDJcL21hZGVyYV9kZV9yb2JsZV84LmpwZyIsInNsaWRlc2hvdyI6IjI2NWZlZTUifQ%3D%3D\">\n\t\t\t\t\t<div class=\"e-gallery-image elementor-gallery-item__image\" data-thumbnail=\"https:\/\/www.noveltycuines.com\/wp-content\/uploads\/2024\/02\/madera_de_roble_8-708x1024.jpg\" data-width=\"708\" data-height=\"1024\" aria-label=\"Cocina Serie 45 Olmo Natur\" role=\"img\" ><\/div>\n\t\t\t\t\t\t\t\t\t\t\t<div class=\"elementor-gallery-item__overlay\"><\/div>\n\t\t\t\t\t\t\t\t\t\t\t\t\t\t<\/a>\n\t\t\t\t\t<\/div>\n\t\t\t\t\t<\/div>\n\t\t\t\t<\/div>\n\t\t\t\t\t<\/div>\n\t\t<\/div>\n\t\t\t\t\t<\/div>\n\t\t<\/section>\n\t\t\t\t<\/div>\n\t\t","protected":false},"excerpt":{"rendered":"<p>Serie 45 Olmo Natur L\u00edneas puras y minimalistas. Quiz\u00e1 el modelo de cocinas m\u00e1s vendido de Dica, formado por l\u00edneas puras y minimalistas, con un canto ingletado a 45 grados que hace a su vez de tirador, pudiendo as\u00ed, abrir las puertas y cajones desde cualquier punto aumentando la comodidad de nuestra cocina mientras trabajamos.<\/p>\n","protected":false},"author":2,"featured_media":0,"parent":4489,"menu_order":0,"comment_status":"closed","ping_status":"closed","template":"","meta":{"_acf_changed":false,"footnotes":""},"class_list":["post-4649","page","type-page","status-publish","hentry"],"acf":[],"yoast_head":"<!-- This site is optimized with the Yoast SEO plugin v27.6 - https:\/\/yoast.com\/product\/yoast-seo-wordpress\/ -->\n<title>Moble de cuina Dica S\u00e8rie 45 Om Natur | Novelty Cuines<\/title>\n<meta name=\"description\" content=\"De l\u00ednies rectes i minimalista, la s\u00e8rie 45 \u00e9s la proposta m\u00e9s contempor\u00e0nia de Dica. Descobreix el model Om Natur.\" \/>\n<meta name=\"robots\" content=\"index, follow, max-snippet:-1, max-image-preview:large, max-video-preview:-1\" \/>\n<link rel=\"canonical\" href=\"https:\/\/www.noveltycuines.com\/ca\/mobles-cuina\/dica-serie45-om-natur\/\" \/>\n<meta property=\"og:locale\" content=\"ca_ES\" \/>\n<meta property=\"og:type\" content=\"article\" \/>\n<meta property=\"og:title\" content=\"Moble de cuina Dica S\u00e8rie 45 Om Natur | Novelty Cuines\" \/>\n<meta property=\"og:description\" content=\"De l\u00ednies rectes i minimalista, la s\u00e8rie 45 \u00e9s la proposta m\u00e9s contempor\u00e0nia de Dica. Descobreix el model Om Natur.\" \/>\n<meta property=\"og:url\" content=\"https:\/\/www.noveltycuines.com\/ca\/mobles-cuina\/dica-serie45-om-natur\/\" \/>\n<meta property=\"og:site_name\" content=\"Novelty Cuines\" \/>\n<meta property=\"article:publisher\" content=\"https:\/\/www.facebook.com\/NoveltyCuines\" \/>\n<meta property=\"article:modified_time\" content=\"2024-03-06T09:54:21+00:00\" \/>\n<meta property=\"og:image\" content=\"https:\/\/www.noveltycuines.com\/wp-content\/uploads\/2024\/01\/logo-header-pos.png\" \/>\n\t<meta property=\"og:image:width\" content=\"253\" \/>\n\t<meta property=\"og:image:height\" content=\"73\" \/>\n\t<meta property=\"og:image:type\" content=\"image\/png\" \/>\n<meta name=\"twitter:card\" content=\"summary_large_image\" \/>\n<meta name=\"twitter:label1\" content=\"Temps estimat de lectura\" \/>\n\t<meta name=\"twitter:data1\" content=\"1 minut\" \/>\n<script type=\"application\/ld+json\" class=\"yoast-schema-graph\">{\"@context\":\"https:\\\/\\\/schema.org\",\"@graph\":[{\"@type\":\"WebPage\",\"@id\":\"https:\\\/\\\/www.noveltycuines.com\\\/ca\\\/mobles-cuina\\\/dica-serie45-om-natur\\\/\",\"url\":\"https:\\\/\\\/www.noveltycuines.com\\\/ca\\\/mobles-cuina\\\/dica-serie45-om-natur\\\/\",\"name\":\"Moble de cuina Dica S\u00e8rie 45 Om Natur | Novelty Cuines\",\"isPartOf\":{\"@id\":\"https:\\\/\\\/www.noveltycuines.com\\\/ca\\\/#website\"},\"datePublished\":\"2024-02-08T08:40:18+00:00\",\"dateModified\":\"2024-03-06T09:54:21+00:00\",\"description\":\"De l\u00ednies rectes i minimalista, la s\u00e8rie 45 \u00e9s la proposta m\u00e9s contempor\u00e0nia de Dica. Descobreix el model Om Natur.\",\"breadcrumb\":{\"@id\":\"https:\\\/\\\/www.noveltycuines.com\\\/ca\\\/mobles-cuina\\\/dica-serie45-om-natur\\\/#breadcrumb\"},\"inLanguage\":\"ca\",\"potentialAction\":[{\"@type\":\"ReadAction\",\"target\":[\"https:\\\/\\\/www.noveltycuines.com\\\/ca\\\/mobles-cuina\\\/dica-serie45-om-natur\\\/\"]}]},{\"@type\":\"BreadcrumbList\",\"@id\":\"https:\\\/\\\/www.noveltycuines.com\\\/ca\\\/mobles-cuina\\\/dica-serie45-om-natur\\\/#breadcrumb\",\"itemListElement\":[{\"@type\":\"ListItem\",\"position\":1,\"name\":\"Portada\",\"item\":\"https:\\\/\\\/www.noveltycuines.com\\\/ca\\\/\"},{\"@type\":\"ListItem\",\"position\":2,\"name\":\"Cuines\",\"item\":\"https:\\\/\\\/www.noveltycuines.com\\\/ca\\\/muebles-cocina\\\/\"},{\"@type\":\"ListItem\",\"position\":3,\"name\":\"Cuines &#8211; Om Natur\"}]},{\"@type\":\"WebSite\",\"@id\":\"https:\\\/\\\/www.noveltycuines.com\\\/ca\\\/#website\",\"url\":\"https:\\\/\\\/www.noveltycuines.com\\\/ca\\\/\",\"name\":\"Novelty\",\"description\":\"Tienda muebles de cocina y ba\u00f1o, reformas integrales e interiorismo.\",\"publisher\":{\"@id\":\"https:\\\/\\\/www.noveltycuines.com\\\/ca\\\/#organization\"},\"alternateName\":\"Novelty\",\"potentialAction\":[{\"@type\":\"SearchAction\",\"target\":{\"@type\":\"EntryPoint\",\"urlTemplate\":\"https:\\\/\\\/www.noveltycuines.com\\\/ca\\\/?s={search_term_string}\"},\"query-input\":{\"@type\":\"PropertyValueSpecification\",\"valueRequired\":true,\"valueName\":\"search_term_string\"}}],\"inLanguage\":\"ca\"},{\"@type\":\"Organization\",\"@id\":\"https:\\\/\\\/www.noveltycuines.com\\\/ca\\\/#organization\",\"name\":\"Novelty\",\"alternateName\":\"Novelty\",\"url\":\"https:\\\/\\\/www.noveltycuines.com\\\/ca\\\/\",\"logo\":{\"@type\":\"ImageObject\",\"inLanguage\":\"ca\",\"@id\":\"https:\\\/\\\/www.noveltycuines.com\\\/ca\\\/#\\\/schema\\\/logo\\\/image\\\/\",\"url\":\"https:\\\/\\\/www.noveltycuines.com\\\/wp-content\\\/uploads\\\/2024\\\/02\\\/logo-yoast.png\",\"contentUrl\":\"https:\\\/\\\/www.noveltycuines.com\\\/wp-content\\\/uploads\\\/2024\\\/02\\\/logo-yoast.png\",\"width\":600,\"height\":600,\"caption\":\"Novelty\"},\"image\":{\"@id\":\"https:\\\/\\\/www.noveltycuines.com\\\/ca\\\/#\\\/schema\\\/logo\\\/image\\\/\"},\"sameAs\":[\"https:\\\/\\\/www.facebook.com\\\/NoveltyCuines\",\"https:\\\/\\\/www.instagram.com\\\/noveltycuines\\\/\"]}]}<\/script>\n<!-- \/ Yoast SEO plugin. -->","yoast_head_json":{"title":"Moble de cuina Dica S\u00e8rie 45 Om Natur | Novelty Cuines","description":"De l\u00ednies rectes i minimalista, la s\u00e8rie 45 \u00e9s la proposta m\u00e9s contempor\u00e0nia de Dica. Descobreix el model Om Natur.","robots":{"index":"index","follow":"follow","max-snippet":"max-snippet:-1","max-image-preview":"max-image-preview:large","max-video-preview":"max-video-preview:-1"},"canonical":"https:\/\/www.noveltycuines.com\/ca\/mobles-cuina\/dica-serie45-om-natur\/","og_locale":"ca_ES","og_type":"article","og_title":"Moble de cuina Dica S\u00e8rie 45 Om Natur | Novelty Cuines","og_description":"De l\u00ednies rectes i minimalista, la s\u00e8rie 45 \u00e9s la proposta m\u00e9s contempor\u00e0nia de Dica. Descobreix el model Om Natur.","og_url":"https:\/\/www.noveltycuines.com\/ca\/mobles-cuina\/dica-serie45-om-natur\/","og_site_name":"Novelty Cuines","article_publisher":"https:\/\/www.facebook.com\/NoveltyCuines","article_modified_time":"2024-03-06T09:54:21+00:00","og_image":[{"width":253,"height":73,"url":"https:\/\/www.noveltycuines.com\/wp-content\/uploads\/2024\/01\/logo-header-pos.png","type":"image\/png"}],"twitter_card":"summary_large_image","twitter_misc":{"Temps estimat de lectura":"1 minut"},"schema":{"@context":"https:\/\/schema.org","@graph":[{"@type":"WebPage","@id":"https:\/\/www.noveltycuines.com\/ca\/mobles-cuina\/dica-serie45-om-natur\/","url":"https:\/\/www.noveltycuines.com\/ca\/mobles-cuina\/dica-serie45-om-natur\/","name":"Moble de cuina Dica S\u00e8rie 45 Om Natur | Novelty Cuines","isPartOf":{"@id":"https:\/\/www.noveltycuines.com\/ca\/#website"},"datePublished":"2024-02-08T08:40:18+00:00","dateModified":"2024-03-06T09:54:21+00:00","description":"De l\u00ednies rectes i minimalista, la s\u00e8rie 45 \u00e9s la proposta m\u00e9s contempor\u00e0nia de Dica. Descobreix el model Om Natur.","breadcrumb":{"@id":"https:\/\/www.noveltycuines.com\/ca\/mobles-cuina\/dica-serie45-om-natur\/#breadcrumb"},"inLanguage":"ca","potentialAction":[{"@type":"ReadAction","target":["https:\/\/www.noveltycuines.com\/ca\/mobles-cuina\/dica-serie45-om-natur\/"]}]},{"@type":"BreadcrumbList","@id":"https:\/\/www.noveltycuines.com\/ca\/mobles-cuina\/dica-serie45-om-natur\/#breadcrumb","itemListElement":[{"@type":"ListItem","position":1,"name":"Portada","item":"https:\/\/www.noveltycuines.com\/ca\/"},{"@type":"ListItem","position":2,"name":"Cuines","item":"https:\/\/www.noveltycuines.com\/ca\/muebles-cocina\/"},{"@type":"ListItem","position":3,"name":"Cuines &#8211; Om Natur"}]},{"@type":"WebSite","@id":"https:\/\/www.noveltycuines.com\/ca\/#website","url":"https:\/\/www.noveltycuines.com\/ca\/","name":"Novelty","description":"Tienda muebles de cocina y ba\u00f1o, reformas integrales e interiorismo.","publisher":{"@id":"https:\/\/www.noveltycuines.com\/ca\/#organization"},"alternateName":"Novelty","potentialAction":[{"@type":"SearchAction","target":{"@type":"EntryPoint","urlTemplate":"https:\/\/www.noveltycuines.com\/ca\/?s={search_term_string}"},"query-input":{"@type":"PropertyValueSpecification","valueRequired":true,"valueName":"search_term_string"}}],"inLanguage":"ca"},{"@type":"Organization","@id":"https:\/\/www.noveltycuines.com\/ca\/#organization","name":"Novelty","alternateName":"Novelty","url":"https:\/\/www.noveltycuines.com\/ca\/","logo":{"@type":"ImageObject","inLanguage":"ca","@id":"https:\/\/www.noveltycuines.com\/ca\/#\/schema\/logo\/image\/","url":"https:\/\/www.noveltycuines.com\/wp-content\/uploads\/2024\/02\/logo-yoast.png","contentUrl":"https:\/\/www.noveltycuines.com\/wp-content\/uploads\/2024\/02\/logo-yoast.png","width":600,"height":600,"caption":"Novelty"},"image":{"@id":"https:\/\/www.noveltycuines.com\/ca\/#\/schema\/logo\/image\/"},"sameAs":["https:\/\/www.facebook.com\/NoveltyCuines","https:\/\/www.instagram.com\/noveltycuines\/"]}]}},"_links":{"self":[{"href":"https:\/\/www.noveltycuines.com\/ca\/wp-json\/wp\/v2\/pages\/4649","targetHints":{"allow":["GET"]}}],"collection":[{"href":"https:\/\/www.noveltycuines.com\/ca\/wp-json\/wp\/v2\/pages"}],"about":[{"href":"https:\/\/www.noveltycuines.com\/ca\/wp-json\/wp\/v2\/types\/page"}],"author":[{"embeddable":true,"href":"https:\/\/www.noveltycuines.com\/ca\/wp-json\/wp\/v2\/users\/2"}],"replies":[{"embeddable":true,"href":"https:\/\/www.noveltycuines.com\/ca\/wp-json\/wp\/v2\/comments?post=4649"}],"version-history":[{"count":0,"href":"https:\/\/www.noveltycuines.com\/ca\/wp-json\/wp\/v2\/pages\/4649\/revisions"}],"up":[{"embeddable":true,"href":"https:\/\/www.noveltycuines.com\/ca\/wp-json\/wp\/v2\/pages\/4489"}],"wp:attachment":[{"href":"https:\/\/www.noveltycuines.com\/ca\/wp-json\/wp\/v2\/media?parent=4649"}],"curies":[{"name":"wp","href":"https:\/\/api.w.org\/{rel}","templated":true}]}}