{"id":4488,"date":"2024-01-31T13:50:48","date_gmt":"2024-01-31T11:50:48","guid":{"rendered":"https:\/\/www.noveltycuines.com\/muebles-lavabo\/serie-soho\/"},"modified":"2024-03-04T12:40:20","modified_gmt":"2024-03-04T10:40:20","slug":"serie-soho","status":"publish","type":"page","link":"https:\/\/www.noveltycuines.com\/ca\/mobles-bany\/serie-soho\/","title":{"rendered":"Banys &#8211; Soho"},"content":{"rendered":"\t\t<div data-elementor-type=\"wp-page\" data-elementor-id=\"4488\" class=\"elementor elementor-4488 elementor-2845\" data-elementor-post-type=\"page\">\n\t\t\t\t\t\t<section class=\"elementor-section elementor-top-section elementor-element elementor-element-2df44795 elementor-section-boxed elementor-section-height-default elementor-section-height-default\" data-id=\"2df44795\" data-element_type=\"section\" data-e-type=\"section\">\n\t\t\t\t\t\t<div class=\"elementor-container elementor-column-gap-default\">\n\t\t\t\t\t<div class=\"elementor-column elementor-col-33 elementor-top-column elementor-element elementor-element-4a0617c9\" data-id=\"4a0617c9\" data-element_type=\"column\" data-e-type=\"column\">\n\t\t\t<div class=\"elementor-widget-wrap elementor-element-populated\">\n\t\t\t\t\t\t<div class=\"elementor-element elementor-element-42174734 elementor-widget elementor-widget-heading\" data-id=\"42174734\" data-element_type=\"widget\" data-e-type=\"widget\" data-widget_type=\"heading.default\">\n\t\t\t\t<div class=\"elementor-widget-container\">\n\t\t\t\t\t<p class=\"elementor-heading-title elementor-size-default\">Banys<\/p>\t\t\t\t<\/div>\n\t\t\t\t<\/div>\n\t\t\t\t<div class=\"elementor-element elementor-element-39e96ea5 elementor-widget elementor-widget-heading\" data-id=\"39e96ea5\" data-element_type=\"widget\" data-e-type=\"widget\" data-widget_type=\"heading.default\">\n\t\t\t\t<div class=\"elementor-widget-container\">\n\t\t\t\t\t<h1 class=\"elementor-heading-title elementor-size-default\">Soho<\/h1>\t\t\t\t<\/div>\n\t\t\t\t<\/div>\n\t\t\t\t\t<\/div>\n\t\t<\/div>\n\t\t\t\t<div class=\"elementor-column elementor-col-66 elementor-top-column elementor-element elementor-element-62fdd297\" data-id=\"62fdd297\" data-element_type=\"column\" data-e-type=\"column\">\n\t\t\t<div class=\"elementor-widget-wrap elementor-element-populated\">\n\t\t\t\t\t\t<div class=\"elementor-element elementor-element-4a77fcf2 elementor-widget elementor-widget-text-editor\" data-id=\"4a77fcf2\" data-element_type=\"widget\" data-e-type=\"widget\" data-widget_type=\"text-editor.default\">\n\t\t\t\t<div class=\"elementor-widget-container\">\n\t\t\t\t\t\t\t\t\t<p><strong>Rotundament elegant, el bany SoHo neix sent un cl\u00e0ssic contemporani<\/strong><\/p>\n<p>Tot un cl\u00e0ssic de la cuina que arriba al bany. Presentem la nova s\u00e8rie de bany de Dica. La porta SoHo es caracteritza pel seu emmarcat, que real\u00e7a les formes i els volums. Per facilitar-ne l&#8217;obertura s&#8217;ha integrat un tirador d&#8217;acer, que queda ocult a la vista, per\u00f2 que resulta molt c\u00f2mode per obrir les portes i calaixos.<\/p>\n<p>La fusta de roure natural combinada amb porcel\u00e1nicos lluminosos aporten al bany un aspecte n\u00f2rdic. En canvi, els colors neutres amb porcell\u00e0nics foscos canvien el to del bany i el converteixen en un ambient m\u00e9s sofisticat.<\/p>\n<p>La combinaci\u00f3 de laca i porcell\u00e0nic \u00e9s un encert a l&#8217;hora de triar els materials per al teu bany.<\/p>\t\t\t\t\t\t\t\t<\/div>\n\t\t\t\t<\/div>\n\t\t\t\t\t<\/div>\n\t\t<\/div>\n\t\t\t\t\t<\/div>\n\t\t<\/section>\n\t\t\t\t<section class=\"elementor-section elementor-top-section elementor-element elementor-element-46018f73 elementor-section-full_width elementor-section-height-default elementor-section-height-default\" data-id=\"46018f73\" data-element_type=\"section\" data-e-type=\"section\">\n\t\t\t\t\t\t<div class=\"elementor-container elementor-column-gap-default\">\n\t\t\t\t\t<div class=\"elementor-column elementor-col-100 elementor-top-column elementor-element elementor-element-3860e119\" data-id=\"3860e119\" data-element_type=\"column\" data-e-type=\"column\">\n\t\t\t<div class=\"elementor-widget-wrap elementor-element-populated\">\n\t\t\t\t\t\t<div class=\"elementor-element elementor-element-265fee5 elementor-widget elementor-widget-gallery\" data-id=\"265fee5\" data-element_type=\"widget\" data-e-type=\"widget\" data-settings=\"{&quot;gallery_layout&quot;:&quot;masonry&quot;,&quot;columns&quot;:3,&quot;gap&quot;:{&quot;unit&quot;:&quot;px&quot;,&quot;size&quot;:42,&quot;sizes&quot;:[]},&quot;lazyload&quot;:&quot;yes&quot;,&quot;columns_tablet&quot;:2,&quot;columns_mobile&quot;:1,&quot;gap_tablet&quot;:{&quot;unit&quot;:&quot;px&quot;,&quot;size&quot;:10,&quot;sizes&quot;:[]},&quot;gap_mobile&quot;:{&quot;unit&quot;:&quot;px&quot;,&quot;size&quot;:10,&quot;sizes&quot;:[]},&quot;link_to&quot;:&quot;file&quot;,&quot;overlay_background&quot;:&quot;yes&quot;,&quot;content_hover_animation&quot;:&quot;fade-in&quot;}\" data-widget_type=\"gallery.default\">\n\t\t\t\t<div class=\"elementor-widget-container\">\n\t\t\t\t\t\t\t<div class=\"elementor-gallery__container\">\n\t\t\t\t\t\t\t<a class=\"e-gallery-item elementor-gallery-item elementor-animated-content\" href=\"https:\/\/www.noveltycuines.com\/wp-content\/uploads\/2024\/01\/B_10_SoHo_RobleNatur_004.jpg\" data-elementor-open-lightbox=\"yes\" data-elementor-lightbox-slideshow=\"265fee5\" data-elementor-lightbox-title=\"B_10_SoHo_RobleNatur_004\" data-elementor-lightbox-description=\"Ba\u00f1o Serie Soho\" data-e-action-hash=\"#elementor-action%3Aaction%3Dlightbox%26settings%3DeyJpZCI6Mjg1MCwidXJsIjoiaHR0cHM6XC9cL3d3dy5ub3ZlbHR5Y3VpbmVzLmNvbVwvd3AtY29udGVudFwvdXBsb2Fkc1wvMjAyNFwvMDFcL0JfMTBfU29Ib19Sb2JsZU5hdHVyXzAwNC5qcGciLCJzbGlkZXNob3ciOiIyNjVmZWU1In0%3D\">\n\t\t\t\t\t<div class=\"e-gallery-image elementor-gallery-item__image\" data-thumbnail=\"https:\/\/www.noveltycuines.com\/wp-content\/uploads\/2024\/01\/B_10_SoHo_RobleNatur_004-1024x964.jpg\" data-width=\"800\" data-height=\"753\" aria-label=\"Ba\u00f1o Serie Soho\" role=\"img\" ><\/div>\n\t\t\t\t\t\t\t\t\t\t\t<div class=\"elementor-gallery-item__overlay\"><\/div>\n\t\t\t\t\t\t\t\t\t\t\t\t\t\t<\/a>\n\t\t\t\t\t\t\t<a class=\"e-gallery-item elementor-gallery-item elementor-animated-content\" href=\"https:\/\/www.noveltycuines.com\/wp-content\/uploads\/2024\/01\/B_10_SoHo_RobleNatur_008.jpg\" data-elementor-open-lightbox=\"yes\" data-elementor-lightbox-slideshow=\"265fee5\" data-elementor-lightbox-title=\"B_10_SoHo_RobleNatur_008\" data-elementor-lightbox-description=\"Ba\u00f1o Serie Soho\" data-e-action-hash=\"#elementor-action%3Aaction%3Dlightbox%26settings%3DeyJpZCI6Mjg1MiwidXJsIjoiaHR0cHM6XC9cL3d3dy5ub3ZlbHR5Y3VpbmVzLmNvbVwvd3AtY29udGVudFwvdXBsb2Fkc1wvMjAyNFwvMDFcL0JfMTBfU29Ib19Sb2JsZU5hdHVyXzAwOC5qcGciLCJzbGlkZXNob3ciOiIyNjVmZWU1In0%3D\">\n\t\t\t\t\t<div class=\"e-gallery-image elementor-gallery-item__image\" data-thumbnail=\"https:\/\/www.noveltycuines.com\/wp-content\/uploads\/2024\/01\/B_10_SoHo_RobleNatur_008-1024x683.jpg\" data-width=\"800\" data-height=\"534\" aria-label=\"Ba\u00f1o Serie Soho\" role=\"img\" ><\/div>\n\t\t\t\t\t\t\t\t\t\t\t<div class=\"elementor-gallery-item__overlay\"><\/div>\n\t\t\t\t\t\t\t\t\t\t\t\t\t\t<\/a>\n\t\t\t\t\t\t\t<a class=\"e-gallery-item elementor-gallery-item elementor-animated-content\" href=\"https:\/\/www.noveltycuines.com\/wp-content\/uploads\/2024\/01\/B_10_SoHo_RobleNatur_019.jpg\" data-elementor-open-lightbox=\"yes\" data-elementor-lightbox-slideshow=\"265fee5\" data-elementor-lightbox-title=\"B_10_SoHo_RobleNatur_019\" data-elementor-lightbox-description=\"Ba\u00f1o Serie Soho\" data-e-action-hash=\"#elementor-action%3Aaction%3Dlightbox%26settings%3DeyJpZCI6Mjg1NCwidXJsIjoiaHR0cHM6XC9cL3d3dy5ub3ZlbHR5Y3VpbmVzLmNvbVwvd3AtY29udGVudFwvdXBsb2Fkc1wvMjAyNFwvMDFcL0JfMTBfU29Ib19Sb2JsZU5hdHVyXzAxOS5qcGciLCJzbGlkZXNob3ciOiIyNjVmZWU1In0%3D\">\n\t\t\t\t\t<div class=\"e-gallery-image elementor-gallery-item__image\" data-thumbnail=\"https:\/\/www.noveltycuines.com\/wp-content\/uploads\/2024\/01\/B_10_SoHo_RobleNatur_019-682x1024.jpg\" data-width=\"682\" data-height=\"1024\" aria-label=\"Ba\u00f1o Serie Soho\" role=\"img\" ><\/div>\n\t\t\t\t\t\t\t\t\t\t\t<div class=\"elementor-gallery-item__overlay\"><\/div>\n\t\t\t\t\t\t\t\t\t\t\t\t\t\t<\/a>\n\t\t\t\t\t\t\t<a class=\"e-gallery-item elementor-gallery-item elementor-animated-content\" href=\"https:\/\/www.noveltycuines.com\/wp-content\/uploads\/2024\/01\/B_10_SoHo_RobleNatur_021.jpg\" data-elementor-open-lightbox=\"yes\" data-elementor-lightbox-slideshow=\"265fee5\" data-elementor-lightbox-title=\"B_10_SoHo_RobleNatur_021\" data-elementor-lightbox-description=\"Ba\u00f1o Serie Soho\" data-e-action-hash=\"#elementor-action%3Aaction%3Dlightbox%26settings%3DeyJpZCI6Mjg1NiwidXJsIjoiaHR0cHM6XC9cL3d3dy5ub3ZlbHR5Y3VpbmVzLmNvbVwvd3AtY29udGVudFwvdXBsb2Fkc1wvMjAyNFwvMDFcL0JfMTBfU29Ib19Sb2JsZU5hdHVyXzAyMS5qcGciLCJzbGlkZXNob3ciOiIyNjVmZWU1In0%3D\">\n\t\t\t\t\t<div class=\"e-gallery-image elementor-gallery-item__image\" data-thumbnail=\"https:\/\/www.noveltycuines.com\/wp-content\/uploads\/2024\/01\/B_10_SoHo_RobleNatur_021-682x1024.jpg\" data-width=\"682\" data-height=\"1024\" aria-label=\"Ba\u00f1o Serie Soho\" role=\"img\" ><\/div>\n\t\t\t\t\t\t\t\t\t\t\t<div class=\"elementor-gallery-item__overlay\"><\/div>\n\t\t\t\t\t\t\t\t\t\t\t\t\t\t<\/a>\n\t\t\t\t\t\t\t<a class=\"e-gallery-item elementor-gallery-item elementor-animated-content\" href=\"https:\/\/www.noveltycuines.com\/wp-content\/uploads\/2024\/01\/B_13_SoHo_GrisTormenta_001.jpg\" data-elementor-open-lightbox=\"yes\" data-elementor-lightbox-slideshow=\"265fee5\" data-elementor-lightbox-title=\"B_13_SoHo_GrisTormenta_001\" data-elementor-lightbox-description=\"Ba\u00f1o Serie Soho\" data-e-action-hash=\"#elementor-action%3Aaction%3Dlightbox%26settings%3DeyJpZCI6Mjg1OCwidXJsIjoiaHR0cHM6XC9cL3d3dy5ub3ZlbHR5Y3VpbmVzLmNvbVwvd3AtY29udGVudFwvdXBsb2Fkc1wvMjAyNFwvMDFcL0JfMTNfU29Ib19HcmlzVG9ybWVudGFfMDAxLmpwZyIsInNsaWRlc2hvdyI6IjI2NWZlZTUifQ%3D%3D\">\n\t\t\t\t\t<div class=\"e-gallery-image elementor-gallery-item__image\" data-thumbnail=\"https:\/\/www.noveltycuines.com\/wp-content\/uploads\/2024\/01\/B_13_SoHo_GrisTormenta_001-1024x882.jpg\" data-width=\"800\" data-height=\"689\" aria-label=\"Ba\u00f1o Serie Soho\" role=\"img\" ><\/div>\n\t\t\t\t\t\t\t\t\t\t\t<div class=\"elementor-gallery-item__overlay\"><\/div>\n\t\t\t\t\t\t\t\t\t\t\t\t\t\t<\/a>\n\t\t\t\t\t\t\t<a class=\"e-gallery-item elementor-gallery-item elementor-animated-content\" href=\"https:\/\/www.noveltycuines.com\/wp-content\/uploads\/2024\/01\/B_13_SoHo_GrisTormenta_003.jpg\" data-elementor-open-lightbox=\"yes\" data-elementor-lightbox-slideshow=\"265fee5\" data-elementor-lightbox-title=\"B_13_SoHo_GrisTormenta_003\" data-elementor-lightbox-description=\"Ba\u00f1o Serie Soho\" data-e-action-hash=\"#elementor-action%3Aaction%3Dlightbox%26settings%3DeyJpZCI6Mjg2MCwidXJsIjoiaHR0cHM6XC9cL3d3dy5ub3ZlbHR5Y3VpbmVzLmNvbVwvd3AtY29udGVudFwvdXBsb2Fkc1wvMjAyNFwvMDFcL0JfMTNfU29Ib19HcmlzVG9ybWVudGFfMDAzLmpwZyIsInNsaWRlc2hvdyI6IjI2NWZlZTUifQ%3D%3D\">\n\t\t\t\t\t<div class=\"e-gallery-image elementor-gallery-item__image\" data-thumbnail=\"https:\/\/www.noveltycuines.com\/wp-content\/uploads\/2024\/01\/B_13_SoHo_GrisTormenta_003-682x1024.jpg\" data-width=\"682\" data-height=\"1024\" aria-label=\"Ba\u00f1o Serie Soho\" role=\"img\" ><\/div>\n\t\t\t\t\t\t\t\t\t\t\t<div class=\"elementor-gallery-item__overlay\"><\/div>\n\t\t\t\t\t\t\t\t\t\t\t\t\t\t<\/a>\n\t\t\t\t\t\t\t<a class=\"e-gallery-item elementor-gallery-item elementor-animated-content\" href=\"https:\/\/www.noveltycuines.com\/wp-content\/uploads\/2024\/01\/B_13_SoHo_GrisTormenta_005.jpg\" data-elementor-open-lightbox=\"yes\" data-elementor-lightbox-slideshow=\"265fee5\" data-elementor-lightbox-title=\"B_13_SoHo_GrisTormenta_005\" data-elementor-lightbox-description=\"Ba\u00f1o Serie Soho\" data-e-action-hash=\"#elementor-action%3Aaction%3Dlightbox%26settings%3DeyJpZCI6Mjg2MiwidXJsIjoiaHR0cHM6XC9cL3d3dy5ub3ZlbHR5Y3VpbmVzLmNvbVwvd3AtY29udGVudFwvdXBsb2Fkc1wvMjAyNFwvMDFcL0JfMTNfU29Ib19HcmlzVG9ybWVudGFfMDA1LmpwZyIsInNsaWRlc2hvdyI6IjI2NWZlZTUifQ%3D%3D\">\n\t\t\t\t\t<div class=\"e-gallery-image elementor-gallery-item__image\" data-thumbnail=\"https:\/\/www.noveltycuines.com\/wp-content\/uploads\/2024\/01\/B_13_SoHo_GrisTormenta_005-682x1024.jpg\" data-width=\"682\" data-height=\"1024\" aria-label=\"Ba\u00f1o Serie Soho\" role=\"img\" ><\/div>\n\t\t\t\t\t\t\t\t\t\t\t<div class=\"elementor-gallery-item__overlay\"><\/div>\n\t\t\t\t\t\t\t\t\t\t\t\t\t\t<\/a>\n\t\t\t\t\t\t\t<a class=\"e-gallery-item elementor-gallery-item elementor-animated-content\" href=\"https:\/\/www.noveltycuines.com\/wp-content\/uploads\/2024\/01\/B_13_SoHo_GrisTormenta_011.jpg\" data-elementor-open-lightbox=\"yes\" data-elementor-lightbox-slideshow=\"265fee5\" data-elementor-lightbox-title=\"B_13_SoHo_GrisTormenta_011\" data-elementor-lightbox-description=\"Ba\u00f1o Serie Soho\" data-e-action-hash=\"#elementor-action%3Aaction%3Dlightbox%26settings%3DeyJpZCI6Mjg2NCwidXJsIjoiaHR0cHM6XC9cL3d3dy5ub3ZlbHR5Y3VpbmVzLmNvbVwvd3AtY29udGVudFwvdXBsb2Fkc1wvMjAyNFwvMDFcL0JfMTNfU29Ib19HcmlzVG9ybWVudGFfMDExLmpwZyIsInNsaWRlc2hvdyI6IjI2NWZlZTUifQ%3D%3D\">\n\t\t\t\t\t<div class=\"e-gallery-image elementor-gallery-item__image\" data-thumbnail=\"https:\/\/www.noveltycuines.com\/wp-content\/uploads\/2024\/01\/B_13_SoHo_GrisTormenta_011-682x1024.jpg\" data-width=\"682\" data-height=\"1024\" aria-label=\"Ba\u00f1o Serie Soho\" role=\"img\" ><\/div>\n\t\t\t\t\t\t\t\t\t\t\t<div class=\"elementor-gallery-item__overlay\"><\/div>\n\t\t\t\t\t\t\t\t\t\t\t\t\t\t<\/a>\n\t\t\t\t\t<\/div>\n\t\t\t\t\t<\/div>\n\t\t\t\t<\/div>\n\t\t\t\t\t<\/div>\n\t\t<\/div>\n\t\t\t\t\t<\/div>\n\t\t<\/section>\n\t\t\t\t<\/div>\n\t\t","protected":false},"excerpt":{"rendered":"<p>Banys Soho Rotundament elegant, el bany SoHo neix sent un cl\u00e0ssic contemporani Tot un cl\u00e0ssic de la cuina que arriba al bany. Presentem la nova s\u00e8rie de bany de Dica. La porta SoHo es caracteritza pel seu emmarcat, que real\u00e7a les formes i els volums. Per facilitar-ne l&#8217;obertura s&#8217;ha integrat un tirador d&#8217;acer, que queda [&hellip;]<\/p>\n","protected":false},"author":2,"featured_media":0,"parent":4485,"menu_order":0,"comment_status":"closed","ping_status":"closed","template":"","meta":{"_acf_changed":false,"footnotes":""},"class_list":["post-4488","page","type-page","status-publish","hentry"],"acf":[],"yoast_head":"<!-- This site is optimized with the Yoast SEO plugin v27.4 - https:\/\/yoast.com\/product\/yoast-seo-wordpress\/ -->\n<title>Moble de bany Dica S\u00e8rie Soho | Novelty Cuines<\/title>\n<meta name=\"description\" content=\"Rotundament elegant, el bany Soho neix sent un cl\u00e0ssic contemporani. Descobreix aquesta gamma de mobles per al lavabo Dica.\" \/>\n<meta name=\"robots\" content=\"index, follow, max-snippet:-1, max-image-preview:large, max-video-preview:-1\" \/>\n<link rel=\"canonical\" href=\"https:\/\/www.noveltycuines.com\/ca\/mobles-bany\/serie-soho\/\" \/>\n<meta property=\"og:locale\" content=\"ca_ES\" \/>\n<meta property=\"og:type\" content=\"article\" \/>\n<meta property=\"og:title\" content=\"Moble de bany Dica S\u00e8rie Soho | Novelty Cuines\" \/>\n<meta property=\"og:description\" content=\"Rotundament elegant, el bany Soho neix sent un cl\u00e0ssic contemporani. Descobreix aquesta gamma de mobles per al lavabo Dica.\" \/>\n<meta property=\"og:url\" content=\"https:\/\/www.noveltycuines.com\/ca\/mobles-bany\/serie-soho\/\" \/>\n<meta property=\"og:site_name\" content=\"Novelty Cuines\" \/>\n<meta property=\"article:publisher\" content=\"https:\/\/www.facebook.com\/NoveltyCuines\" \/>\n<meta property=\"article:modified_time\" content=\"2024-03-04T10:40:20+00:00\" \/>\n<meta property=\"og:image\" content=\"https:\/\/www.noveltycuines.com\/wp-content\/uploads\/2024\/01\/logo-header-pos.png\" \/>\n\t<meta property=\"og:image:width\" content=\"253\" \/>\n\t<meta property=\"og:image:height\" content=\"73\" \/>\n\t<meta property=\"og:image:type\" content=\"image\/png\" \/>\n<meta name=\"twitter:card\" content=\"summary_large_image\" \/>\n<meta name=\"twitter:label1\" content=\"Temps estimat de lectura\" \/>\n\t<meta name=\"twitter:data1\" content=\"1 minut\" \/>\n<script type=\"application\/ld+json\" class=\"yoast-schema-graph\">{\"@context\":\"https:\\\/\\\/schema.org\",\"@graph\":[{\"@type\":\"WebPage\",\"@id\":\"https:\\\/\\\/www.noveltycuines.com\\\/ca\\\/mobles-bany\\\/serie-soho\\\/\",\"url\":\"https:\\\/\\\/www.noveltycuines.com\\\/ca\\\/mobles-bany\\\/serie-soho\\\/\",\"name\":\"Moble de bany Dica S\u00e8rie Soho | Novelty Cuines\",\"isPartOf\":{\"@id\":\"https:\\\/\\\/www.noveltycuines.com\\\/ca\\\/#website\"},\"datePublished\":\"2024-01-31T11:50:48+00:00\",\"dateModified\":\"2024-03-04T10:40:20+00:00\",\"description\":\"Rotundament elegant, el bany Soho neix sent un cl\u00e0ssic contemporani. Descobreix aquesta gamma de mobles per al lavabo Dica.\",\"breadcrumb\":{\"@id\":\"https:\\\/\\\/www.noveltycuines.com\\\/ca\\\/mobles-bany\\\/serie-soho\\\/#breadcrumb\"},\"inLanguage\":\"ca\",\"potentialAction\":[{\"@type\":\"ReadAction\",\"target\":[\"https:\\\/\\\/www.noveltycuines.com\\\/ca\\\/mobles-bany\\\/serie-soho\\\/\"]}]},{\"@type\":\"BreadcrumbList\",\"@id\":\"https:\\\/\\\/www.noveltycuines.com\\\/ca\\\/mobles-bany\\\/serie-soho\\\/#breadcrumb\",\"itemListElement\":[{\"@type\":\"ListItem\",\"position\":1,\"name\":\"Portada\",\"item\":\"https:\\\/\\\/www.noveltycuines.com\\\/ca\\\/\"},{\"@type\":\"ListItem\",\"position\":2,\"name\":\"Banys\",\"item\":\"https:\\\/\\\/www.noveltycuines.com\\\/ca\\\/muebles-lavabo\\\/\"},{\"@type\":\"ListItem\",\"position\":3,\"name\":\"Banys &#8211; Soho\"}]},{\"@type\":\"WebSite\",\"@id\":\"https:\\\/\\\/www.noveltycuines.com\\\/ca\\\/#website\",\"url\":\"https:\\\/\\\/www.noveltycuines.com\\\/ca\\\/\",\"name\":\"Novelty\",\"description\":\"Tienda muebles de cocina y ba\u00f1o, reformas integrales e interiorismo.\",\"publisher\":{\"@id\":\"https:\\\/\\\/www.noveltycuines.com\\\/ca\\\/#organization\"},\"alternateName\":\"Novelty\",\"potentialAction\":[{\"@type\":\"SearchAction\",\"target\":{\"@type\":\"EntryPoint\",\"urlTemplate\":\"https:\\\/\\\/www.noveltycuines.com\\\/ca\\\/?s={search_term_string}\"},\"query-input\":{\"@type\":\"PropertyValueSpecification\",\"valueRequired\":true,\"valueName\":\"search_term_string\"}}],\"inLanguage\":\"ca\"},{\"@type\":\"Organization\",\"@id\":\"https:\\\/\\\/www.noveltycuines.com\\\/ca\\\/#organization\",\"name\":\"Novelty\",\"alternateName\":\"Novelty\",\"url\":\"https:\\\/\\\/www.noveltycuines.com\\\/ca\\\/\",\"logo\":{\"@type\":\"ImageObject\",\"inLanguage\":\"ca\",\"@id\":\"https:\\\/\\\/www.noveltycuines.com\\\/ca\\\/#\\\/schema\\\/logo\\\/image\\\/\",\"url\":\"https:\\\/\\\/www.noveltycuines.com\\\/wp-content\\\/uploads\\\/2024\\\/02\\\/logo-yoast.png\",\"contentUrl\":\"https:\\\/\\\/www.noveltycuines.com\\\/wp-content\\\/uploads\\\/2024\\\/02\\\/logo-yoast.png\",\"width\":600,\"height\":600,\"caption\":\"Novelty\"},\"image\":{\"@id\":\"https:\\\/\\\/www.noveltycuines.com\\\/ca\\\/#\\\/schema\\\/logo\\\/image\\\/\"},\"sameAs\":[\"https:\\\/\\\/www.facebook.com\\\/NoveltyCuines\",\"https:\\\/\\\/www.instagram.com\\\/noveltycuines\\\/\"]}]}<\/script>\n<!-- \/ Yoast SEO plugin. -->","yoast_head_json":{"title":"Moble de bany Dica S\u00e8rie Soho | Novelty Cuines","description":"Rotundament elegant, el bany Soho neix sent un cl\u00e0ssic contemporani. Descobreix aquesta gamma de mobles per al lavabo Dica.","robots":{"index":"index","follow":"follow","max-snippet":"max-snippet:-1","max-image-preview":"max-image-preview:large","max-video-preview":"max-video-preview:-1"},"canonical":"https:\/\/www.noveltycuines.com\/ca\/mobles-bany\/serie-soho\/","og_locale":"ca_ES","og_type":"article","og_title":"Moble de bany Dica S\u00e8rie Soho | Novelty Cuines","og_description":"Rotundament elegant, el bany Soho neix sent un cl\u00e0ssic contemporani. Descobreix aquesta gamma de mobles per al lavabo Dica.","og_url":"https:\/\/www.noveltycuines.com\/ca\/mobles-bany\/serie-soho\/","og_site_name":"Novelty Cuines","article_publisher":"https:\/\/www.facebook.com\/NoveltyCuines","article_modified_time":"2024-03-04T10:40:20+00:00","og_image":[{"width":253,"height":73,"url":"https:\/\/www.noveltycuines.com\/wp-content\/uploads\/2024\/01\/logo-header-pos.png","type":"image\/png"}],"twitter_card":"summary_large_image","twitter_misc":{"Temps estimat de lectura":"1 minut"},"schema":{"@context":"https:\/\/schema.org","@graph":[{"@type":"WebPage","@id":"https:\/\/www.noveltycuines.com\/ca\/mobles-bany\/serie-soho\/","url":"https:\/\/www.noveltycuines.com\/ca\/mobles-bany\/serie-soho\/","name":"Moble de bany Dica S\u00e8rie Soho | Novelty Cuines","isPartOf":{"@id":"https:\/\/www.noveltycuines.com\/ca\/#website"},"datePublished":"2024-01-31T11:50:48+00:00","dateModified":"2024-03-04T10:40:20+00:00","description":"Rotundament elegant, el bany Soho neix sent un cl\u00e0ssic contemporani. Descobreix aquesta gamma de mobles per al lavabo Dica.","breadcrumb":{"@id":"https:\/\/www.noveltycuines.com\/ca\/mobles-bany\/serie-soho\/#breadcrumb"},"inLanguage":"ca","potentialAction":[{"@type":"ReadAction","target":["https:\/\/www.noveltycuines.com\/ca\/mobles-bany\/serie-soho\/"]}]},{"@type":"BreadcrumbList","@id":"https:\/\/www.noveltycuines.com\/ca\/mobles-bany\/serie-soho\/#breadcrumb","itemListElement":[{"@type":"ListItem","position":1,"name":"Portada","item":"https:\/\/www.noveltycuines.com\/ca\/"},{"@type":"ListItem","position":2,"name":"Banys","item":"https:\/\/www.noveltycuines.com\/ca\/muebles-lavabo\/"},{"@type":"ListItem","position":3,"name":"Banys &#8211; Soho"}]},{"@type":"WebSite","@id":"https:\/\/www.noveltycuines.com\/ca\/#website","url":"https:\/\/www.noveltycuines.com\/ca\/","name":"Novelty","description":"Tienda muebles de cocina y ba\u00f1o, reformas integrales e interiorismo.","publisher":{"@id":"https:\/\/www.noveltycuines.com\/ca\/#organization"},"alternateName":"Novelty","potentialAction":[{"@type":"SearchAction","target":{"@type":"EntryPoint","urlTemplate":"https:\/\/www.noveltycuines.com\/ca\/?s={search_term_string}"},"query-input":{"@type":"PropertyValueSpecification","valueRequired":true,"valueName":"search_term_string"}}],"inLanguage":"ca"},{"@type":"Organization","@id":"https:\/\/www.noveltycuines.com\/ca\/#organization","name":"Novelty","alternateName":"Novelty","url":"https:\/\/www.noveltycuines.com\/ca\/","logo":{"@type":"ImageObject","inLanguage":"ca","@id":"https:\/\/www.noveltycuines.com\/ca\/#\/schema\/logo\/image\/","url":"https:\/\/www.noveltycuines.com\/wp-content\/uploads\/2024\/02\/logo-yoast.png","contentUrl":"https:\/\/www.noveltycuines.com\/wp-content\/uploads\/2024\/02\/logo-yoast.png","width":600,"height":600,"caption":"Novelty"},"image":{"@id":"https:\/\/www.noveltycuines.com\/ca\/#\/schema\/logo\/image\/"},"sameAs":["https:\/\/www.facebook.com\/NoveltyCuines","https:\/\/www.instagram.com\/noveltycuines\/"]}]}},"_links":{"self":[{"href":"https:\/\/www.noveltycuines.com\/ca\/wp-json\/wp\/v2\/pages\/4488","targetHints":{"allow":["GET"]}}],"collection":[{"href":"https:\/\/www.noveltycuines.com\/ca\/wp-json\/wp\/v2\/pages"}],"about":[{"href":"https:\/\/www.noveltycuines.com\/ca\/wp-json\/wp\/v2\/types\/page"}],"author":[{"embeddable":true,"href":"https:\/\/www.noveltycuines.com\/ca\/wp-json\/wp\/v2\/users\/2"}],"replies":[{"embeddable":true,"href":"https:\/\/www.noveltycuines.com\/ca\/wp-json\/wp\/v2\/comments?post=4488"}],"version-history":[{"count":0,"href":"https:\/\/www.noveltycuines.com\/ca\/wp-json\/wp\/v2\/pages\/4488\/revisions"}],"up":[{"embeddable":true,"href":"https:\/\/www.noveltycuines.com\/ca\/wp-json\/wp\/v2\/pages\/4485"}],"wp:attachment":[{"href":"https:\/\/www.noveltycuines.com\/ca\/wp-json\/wp\/v2\/media?parent=4488"}],"curies":[{"name":"wp","href":"https:\/\/api.w.org\/{rel}","templated":true}]}}