{"id":1596,"date":"2024-01-10T11:19:40","date_gmt":"2024-01-10T09:19:40","guid":{"rendered":"https:\/\/www.noveltycuines.com\/aviso-legal\/"},"modified":"2024-03-04T11:48:17","modified_gmt":"2024-03-04T09:48:17","slug":"avis-legal","status":"publish","type":"page","link":"https:\/\/www.noveltycuines.com\/ca\/avis-legal\/","title":{"rendered":"Av\u00eds legal"},"content":{"rendered":"\t\t<div data-elementor-type=\"wp-page\" data-elementor-id=\"1596\" class=\"elementor elementor-1596 elementor-294\" data-elementor-post-type=\"page\">\n\t\t\t\t\t\t<section class=\"elementor-section elementor-top-section elementor-element elementor-element-740638b elementor-section-boxed elementor-section-height-default elementor-section-height-default\" data-id=\"740638b\" data-element_type=\"section\" data-e-type=\"section\">\n\t\t\t\t\t\t<div class=\"elementor-container elementor-column-gap-default\">\n\t\t\t\t\t<div class=\"elementor-column elementor-col-100 elementor-top-column elementor-element elementor-element-a483e34\" data-id=\"a483e34\" data-element_type=\"column\" data-e-type=\"column\">\n\t\t\t<div class=\"elementor-widget-wrap elementor-element-populated\">\n\t\t\t\t\t\t<div class=\"elementor-element elementor-element-49a5585 elementor-widget elementor-widget-heading\" data-id=\"49a5585\" data-element_type=\"widget\" data-e-type=\"widget\" data-widget_type=\"heading.default\">\n\t\t\t\t<div class=\"elementor-widget-container\">\n\t\t\t\t\t<h1 class=\"elementor-heading-title elementor-size-default\">Av\u00eds legal<\/h1>\t\t\t\t<\/div>\n\t\t\t\t<\/div>\n\t\t\t\t<div class=\"elementor-element elementor-element-68372cb elementor-widget elementor-widget-text-editor\" data-id=\"68372cb\" data-element_type=\"widget\" data-e-type=\"widget\" data-widget_type=\"text-editor.default\">\n\t\t\t\t<div class=\"elementor-widget-container\">\n\t\t\t\t\t\t\t\t\t<p><strong>DADES DE NOVELTY CUINES<\/strong><\/p>\n<p>NOVELTY CUINES<br>Avda. Garraf, 2<br>08800 \u2013 Vilanova i la Geltr\u00fa (Barcelona)<\/p>\n<p>Tel\u00e8fon: 93 893 07 52<br>e-mail:&nbsp;<a href=\"mailto:info@noveltycuines.com\">info@noveltycuines.com<\/a><\/p>\n<p>CIF: B-66011123<br>\u00a9 Novelty Cuines. Vilanova i la Geltr\u00fa 2013. Tots els drets reservats.<\/p>\n<p><strong>INFORMACI\u00d3 LEGAL SOBRE L&#8217;EMPRESA<\/strong><\/p>\n<p>Novelty Cuines (d&#8217;ara endavant \u00abl&#8217;empresa\u00bb o \u00abNOVELTY\u00bb) \u00e9s una societat de responsabilitat limitada inscrita en el Registre Mercantil de Barcelona, tom 43733, foli 137, fulla B-436804.<\/p>\n<p><strong>ACCEPTACI\u00d3 DE L&#8217;USUARI<\/strong><\/p>\n<p>Aquest document (d&#8217;ara endavant \u00abNota legal\u00bb) t\u00e9 per objecte regular l&#8217;\u00fas del lloc web que NOVELTY posa a la disposici\u00f3 del p\u00fablic en la URL <a href=\"https:\/\/www.noveltycuines.com\/\">https:\/\/www.noveltycuines.com<\/a>.<\/p>\n<p>L&#8217;\u00fas del lloc web per un tercer li atribueix la condici\u00f3 d&#8217;usuari, i suposa l&#8217;acceptaci\u00f3 plena de l&#8217;usuari de totes i cadascuna de les condicions que estableix aquesta Nota legal.<\/p>\n<p><strong>\u00daS CORRECTE DEL LLOC WEB<\/strong><\/p>\n<p>L&#8217;usuari es compromet a utilitzar el lloc web, els seus continguts i els serveis d&#8217;acord amb la Llei, aquesta Nota legal, i els bons costums i l&#8217;ordre p\u00fablic. De la mateixa forma, l&#8217;usuari s&#8217;obliga a no utilitzar el lloc web o els serveis que es prestin a trav\u00e9s d&#8217;ell amb finalitats o efectes il\u00b7l\u00edcits o contraris al contingut d&#8217;aquesta Nota legal, que lesionin els interessos o drets de tercers, o que de qualsevol forma puguin danyar, inutilitzar o deteriorar el lloc web o els seus serveis o impedir un \u00fas satisfactori del lloc web a altres usuaris.<\/p>\n<p>Aix\u00ed mateix, l&#8217;usuari es compromet expressament a no destruir, alterar, inutilitzar o, de qualsevol altra forma, espatllar les dades o els documents electr\u00f2nics i altres que es trobin en el lloc web.<\/p>\n<p>L&#8217;usuari es compromet a no obstaculitzar l&#8217;acc\u00e9s d&#8217;altres usuaris al servei d&#8217;acc\u00e9s mitjan\u00e7ant el consum massiu dels recursos inform\u00e0tics a trav\u00e9s dels quals l&#8217;empresa presta el servei, aix\u00ed com a no realitzar accions que danyin, interrompin o generin errors en els sistemes nomenats.<\/p>\n<p>L&#8217;usuari es compromet a no introduir programes, virus, macroinstruccions, miniaplicacions, controls de tipus ActiveX o qualsevol altre dispositiu l\u00f2gic o seq\u00fc\u00e8ncia de car\u00e0cters que causin o puguin causar qualsevol tipus d&#8217;alteraci\u00f3 en els sistemes inform\u00e0tics de NOVELTY o de tercers.<\/p>\n<p>L&#8217;usuari es compromet a no fer mal \u00fas de la informaci\u00f3, missatges, gr\u00e0fics, dibuixos, arxius de so i\/o imatge, fotografies, registres, programes i, en general, qualsevol classe de material accessible a trav\u00e9s del lloc web o dels serveis que ofereix.<\/p>\n<p><strong>PROPIETAT INTEL\u00b7LECTUAL I INDUSTRIAL<\/strong><\/p>\n<p>Aquest lloc web i tots els seus continguts, incl\u00f2s els textos, els documents, les fotografies, els dibuixos, les representacions gr\u00e0fiques, les bases de dades, els programes inform\u00e0tics, aix\u00ed com els logotips, les marques, els noms comercials i altres signes distintius s\u00f3n propietat de NOVELTY o de tercers que li han autoritzat per al seu \u00fas.<\/p>\n<p>Tots els drets estan reservats.<\/p>\n<p>L&#8217;acc\u00e9s a aquesta web est\u00e0 subjecte a les condicions seg\u00fcents:<\/p>\n<p>NOVELTY no \u00e9s responsable de la informaci\u00f3 que es pugui obtenir a trav\u00e9s dels enlla\u00e7os a sistemes externs.<\/p>\n<p>NOVELTY no garanteix que el lloc web i el servidor esten lliures de virus i no es fa responsable dels danys causats per l&#8217;acc\u00e9s al lloc web o per la impossibilitat d&#8217;accedir a aquest.<\/p>\n<p>En cap cas les cookies, o altres mitjans de naturalesa an\u00e0loga que es puguin utilitzar, serviran per a emmagatzemar informaci\u00f3 que permeti identificar a la persona f\u00edsica usu\u00e0ria del lloc web.<\/p>\n<p>No es permet, excepte en els casos en els quals NOVELTY ho autoritzi expressament, establir enlla\u00e7os des de portals o webs de tercers a p\u00e0gines de l&#8217;empresa diferents de les p\u00e0gines p\u00fabliques del seu portal, accessibles a partir de l&#8217;adre\u00e7a URL&nbsp;<a href=\"https:\/\/www.noveltycuines.com\/\">https:\/\/www.noveltycuines.com<\/a>, o a la qual la substitueixi en el futur; tampoc no es permet presentar les p\u00e0gines web de l&#8217;empresa o la informaci\u00f3 que contenen dins de marcs, signes distintius, marques o denominacions socials o comercials d&#8217;una altra persona, empresa o entitat.<\/p>\n<p><strong>R\u00c8GIM DE RESPONSABILITAT<\/strong><\/p>\n<p>Responsabilitat de NOVELTY per la utilitzaci\u00f3 del lloc web<\/p>\n<p>L&#8217;usuari \u00e9s l&#8217;\u00fanic responsable de les infraccions en qu\u00e8 pugui inc\u00f3rrer i dels perjudicis que pugui causar o causar-se per la utilitzaci\u00f3 del lloc web i l&#8217;empresa est\u00e0 exonerada de qualsevol responsabilitat que es pugui derivar per les accions de l&#8217;usuari.<\/p>\n<p>L&#8217;usuari ser\u00e0 l&#8217;\u00fanic responsable per qualsevol reclamaci\u00f3 o acci\u00f3 legal, judicial o extrajudicial iniciada per terceres persones contra NOVELTY basada en la utilitzaci\u00f3 del lloc web per l&#8217;usuari. Si \u00e9s el cas, l&#8217;usuari assumir\u00e0 tot el cost i les indemnitzacions que es reclamin a l&#8217;empresa amb motiu de reclamacions o d&#8217;accions legals.<\/p>\n<p>Responsabilitat de NOVELTY pel funcionament del web<\/p>\n<p>NOVELTY exclou qualsevol responsabilitat que es pugui derivar per interfer\u00e8ncies, omissions, interrupcions, virus inform\u00e0tics, avaries telef\u00f2niques o desconnexions en el funcionament operatiu del sistema electr\u00f2nic, motivats per causes alienes a NOVELTY.<\/p>\n<p>Aix\u00ed mateix, NOVELTY s&#8217;exonera de qualsevol responsabilitat que es pugui derivar per retards o bloquejos en el funcionament operatiu d&#8217;aquest sistema electr\u00f2nic causats per defici\u00e8ncies o sobrec\u00e0rrega en les l\u00ednies telef\u00f2niques o en Internet, com tamb\u00e9 dels danys causats per terceres persones per intromissions il\u00b7leg\u00edtimes fora del control o l&#8217;empresa.<\/p>\n<p>Responsabilitat de NOVELTY per enlla\u00e7os<\/p>\n<p>NOVELTY declina tota responsabilitat respecte de la informaci\u00f3 que hi hagi fora del web, ja que la funci\u00f3 dels enlla\u00e7os que apareixen \u00e9s \u00fanicament la d&#8217;informar l&#8217;usuari de l&#8217;exist\u00e8ncia d&#8217;altres fonts d&#8217;informaci\u00f3 sobre un tema concret.<\/p>\n<p>NOVELTY s&#8217;exonera de tota responsabilitat del funcionament dels enlla\u00e7os, del resultat obtingut a trav\u00e9s dels enlla\u00e7os comentats, de la veracitat i licitud del contingut o de la informaci\u00f3 al fet que es pugui accedir aix\u00ed com dels perjudicis que puguin sofrir l&#8217;usuari en virtut de la informaci\u00f3 trobada en el web enlla\u00e7at.<\/p>\n<p><strong>LEGISLACI\u00d3 APLICABLE I COMPET\u00c8NCIA JUDICIAL<\/strong><\/p>\n<p>Qualsevol controv\u00e8rsia sorgida en la interpretaci\u00f3 o execuci\u00f3 d&#8217;aquesta Nota legal s&#8217;interpretar\u00e0 a partir de la legislaci\u00f3 espanyola. Aix\u00ed mateix, NOVELTY i l&#8217;usuari, renuncien a qualsevol altra jurisdicci\u00f3 i se sotmeten a la dels jutjats i tribunals del domicili de l&#8217;usuari per a qualsevol controv\u00e8rsia que pugui esdevenir-se. En el cas que l&#8217;usuari tingui el seu domicili fora d&#8217;Espanya, NOVELTY i l&#8217;usuari se sotmeten als jutjats i tribunals de la ciutat de Barcelona.<\/p>\t\t\t\t\t\t\t\t<\/div>\n\t\t\t\t<\/div>\n\t\t\t\t\t<\/div>\n\t\t<\/div>\n\t\t\t\t\t<\/div>\n\t\t<\/section>\n\t\t\t\t<\/div>\n\t\t","protected":false},"excerpt":{"rendered":"<p>Av\u00eds legal DADES DE NOVELTY CUINES NOVELTY CUINESAvda. Garraf, 208800 \u2013 Vilanova i la Geltr\u00fa (Barcelona) Tel\u00e8fon: 93 893 07 52e-mail:&nbsp;info@noveltycuines.com CIF: B-66011123\u00a9 Novelty Cuines. Vilanova i la Geltr\u00fa 2013. Tots els drets reservats. INFORMACI\u00d3 LEGAL SOBRE L&#8217;EMPRESA Novelty Cuines (d&#8217;ara endavant \u00abl&#8217;empresa\u00bb o \u00abNOVELTY\u00bb) \u00e9s una societat de responsabilitat limitada inscrita en el Registre [&hellip;]<\/p>\n","protected":false},"author":3,"featured_media":0,"parent":0,"menu_order":0,"comment_status":"closed","ping_status":"closed","template":"","meta":{"_acf_changed":false,"footnotes":""},"class_list":["post-1596","page","type-page","status-publish","hentry"],"acf":[],"yoast_head":"<!-- This site is optimized with the Yoast SEO plugin v27.5 - https:\/\/yoast.com\/product\/yoast-seo-wordpress\/ -->\n<title>Av\u00eds legal | Novelty Cuines<\/title>\n<meta name=\"description\" content=\"Av\u00eds legal del lloc web de Novelty Cuines.\" \/>\n<meta name=\"robots\" content=\"index, follow, max-snippet:-1, max-image-preview:large, max-video-preview:-1\" \/>\n<link rel=\"canonical\" href=\"https:\/\/www.noveltycuines.com\/ca\/avis-legal\/\" \/>\n<meta property=\"og:locale\" content=\"ca_ES\" \/>\n<meta property=\"og:type\" content=\"article\" \/>\n<meta property=\"og:title\" content=\"Av\u00eds legal | Novelty Cuines\" \/>\n<meta property=\"og:description\" content=\"Av\u00eds legal del lloc web de Novelty Cuines.\" \/>\n<meta property=\"og:url\" content=\"https:\/\/www.noveltycuines.com\/ca\/avis-legal\/\" \/>\n<meta property=\"og:site_name\" content=\"Novelty Cuines\" \/>\n<meta property=\"article:publisher\" content=\"https:\/\/www.facebook.com\/NoveltyCuines\" \/>\n<meta property=\"article:modified_time\" content=\"2024-03-04T09:48:17+00:00\" \/>\n<meta property=\"og:image\" content=\"https:\/\/www.noveltycuines.com\/wp-content\/uploads\/2024\/01\/logo-header-pos.png\" \/>\n\t<meta property=\"og:image:width\" content=\"253\" \/>\n\t<meta property=\"og:image:height\" content=\"73\" \/>\n\t<meta property=\"og:image:type\" content=\"image\/png\" \/>\n<meta name=\"twitter:card\" content=\"summary_large_image\" \/>\n<meta name=\"twitter:label1\" content=\"Temps estimat de lectura\" \/>\n\t<meta name=\"twitter:data1\" content=\"5 minuts\" \/>\n<script type=\"application\/ld+json\" class=\"yoast-schema-graph\">{\"@context\":\"https:\\\/\\\/schema.org\",\"@graph\":[{\"@type\":\"WebPage\",\"@id\":\"https:\\\/\\\/www.noveltycuines.com\\\/ca\\\/avis-legal\\\/\",\"url\":\"https:\\\/\\\/www.noveltycuines.com\\\/ca\\\/avis-legal\\\/\",\"name\":\"Av\u00eds legal | Novelty Cuines\",\"isPartOf\":{\"@id\":\"https:\\\/\\\/www.noveltycuines.com\\\/ca\\\/#website\"},\"datePublished\":\"2024-01-10T09:19:40+00:00\",\"dateModified\":\"2024-03-04T09:48:17+00:00\",\"description\":\"Av\u00eds legal del lloc web de Novelty Cuines.\",\"breadcrumb\":{\"@id\":\"https:\\\/\\\/www.noveltycuines.com\\\/ca\\\/avis-legal\\\/#breadcrumb\"},\"inLanguage\":\"ca\",\"potentialAction\":[{\"@type\":\"ReadAction\",\"target\":[\"https:\\\/\\\/www.noveltycuines.com\\\/ca\\\/avis-legal\\\/\"]}]},{\"@type\":\"BreadcrumbList\",\"@id\":\"https:\\\/\\\/www.noveltycuines.com\\\/ca\\\/avis-legal\\\/#breadcrumb\",\"itemListElement\":[{\"@type\":\"ListItem\",\"position\":1,\"name\":\"Portada\",\"item\":\"https:\\\/\\\/www.noveltycuines.com\\\/ca\\\/\"},{\"@type\":\"ListItem\",\"position\":2,\"name\":\"Av\u00eds legal\"}]},{\"@type\":\"WebSite\",\"@id\":\"https:\\\/\\\/www.noveltycuines.com\\\/ca\\\/#website\",\"url\":\"https:\\\/\\\/www.noveltycuines.com\\\/ca\\\/\",\"name\":\"Novelty\",\"description\":\"Tienda muebles de cocina y ba\u00f1o, reformas integrales e interiorismo.\",\"publisher\":{\"@id\":\"https:\\\/\\\/www.noveltycuines.com\\\/ca\\\/#organization\"},\"alternateName\":\"Novelty\",\"potentialAction\":[{\"@type\":\"SearchAction\",\"target\":{\"@type\":\"EntryPoint\",\"urlTemplate\":\"https:\\\/\\\/www.noveltycuines.com\\\/ca\\\/?s={search_term_string}\"},\"query-input\":{\"@type\":\"PropertyValueSpecification\",\"valueRequired\":true,\"valueName\":\"search_term_string\"}}],\"inLanguage\":\"ca\"},{\"@type\":\"Organization\",\"@id\":\"https:\\\/\\\/www.noveltycuines.com\\\/ca\\\/#organization\",\"name\":\"Novelty\",\"alternateName\":\"Novelty\",\"url\":\"https:\\\/\\\/www.noveltycuines.com\\\/ca\\\/\",\"logo\":{\"@type\":\"ImageObject\",\"inLanguage\":\"ca\",\"@id\":\"https:\\\/\\\/www.noveltycuines.com\\\/ca\\\/#\\\/schema\\\/logo\\\/image\\\/\",\"url\":\"https:\\\/\\\/www.noveltycuines.com\\\/wp-content\\\/uploads\\\/2024\\\/02\\\/logo-yoast.png\",\"contentUrl\":\"https:\\\/\\\/www.noveltycuines.com\\\/wp-content\\\/uploads\\\/2024\\\/02\\\/logo-yoast.png\",\"width\":600,\"height\":600,\"caption\":\"Novelty\"},\"image\":{\"@id\":\"https:\\\/\\\/www.noveltycuines.com\\\/ca\\\/#\\\/schema\\\/logo\\\/image\\\/\"},\"sameAs\":[\"https:\\\/\\\/www.facebook.com\\\/NoveltyCuines\",\"https:\\\/\\\/www.instagram.com\\\/noveltycuines\\\/\"]}]}<\/script>\n<!-- \/ Yoast SEO plugin. -->","yoast_head_json":{"title":"Av\u00eds legal | Novelty Cuines","description":"Av\u00eds legal del lloc web de Novelty Cuines.","robots":{"index":"index","follow":"follow","max-snippet":"max-snippet:-1","max-image-preview":"max-image-preview:large","max-video-preview":"max-video-preview:-1"},"canonical":"https:\/\/www.noveltycuines.com\/ca\/avis-legal\/","og_locale":"ca_ES","og_type":"article","og_title":"Av\u00eds legal | Novelty Cuines","og_description":"Av\u00eds legal del lloc web de Novelty Cuines.","og_url":"https:\/\/www.noveltycuines.com\/ca\/avis-legal\/","og_site_name":"Novelty Cuines","article_publisher":"https:\/\/www.facebook.com\/NoveltyCuines","article_modified_time":"2024-03-04T09:48:17+00:00","og_image":[{"width":253,"height":73,"url":"https:\/\/www.noveltycuines.com\/wp-content\/uploads\/2024\/01\/logo-header-pos.png","type":"image\/png"}],"twitter_card":"summary_large_image","twitter_misc":{"Temps estimat de lectura":"5 minuts"},"schema":{"@context":"https:\/\/schema.org","@graph":[{"@type":"WebPage","@id":"https:\/\/www.noveltycuines.com\/ca\/avis-legal\/","url":"https:\/\/www.noveltycuines.com\/ca\/avis-legal\/","name":"Av\u00eds legal | Novelty Cuines","isPartOf":{"@id":"https:\/\/www.noveltycuines.com\/ca\/#website"},"datePublished":"2024-01-10T09:19:40+00:00","dateModified":"2024-03-04T09:48:17+00:00","description":"Av\u00eds legal del lloc web de Novelty Cuines.","breadcrumb":{"@id":"https:\/\/www.noveltycuines.com\/ca\/avis-legal\/#breadcrumb"},"inLanguage":"ca","potentialAction":[{"@type":"ReadAction","target":["https:\/\/www.noveltycuines.com\/ca\/avis-legal\/"]}]},{"@type":"BreadcrumbList","@id":"https:\/\/www.noveltycuines.com\/ca\/avis-legal\/#breadcrumb","itemListElement":[{"@type":"ListItem","position":1,"name":"Portada","item":"https:\/\/www.noveltycuines.com\/ca\/"},{"@type":"ListItem","position":2,"name":"Av\u00eds legal"}]},{"@type":"WebSite","@id":"https:\/\/www.noveltycuines.com\/ca\/#website","url":"https:\/\/www.noveltycuines.com\/ca\/","name":"Novelty","description":"Tienda muebles de cocina y ba\u00f1o, reformas integrales e interiorismo.","publisher":{"@id":"https:\/\/www.noveltycuines.com\/ca\/#organization"},"alternateName":"Novelty","potentialAction":[{"@type":"SearchAction","target":{"@type":"EntryPoint","urlTemplate":"https:\/\/www.noveltycuines.com\/ca\/?s={search_term_string}"},"query-input":{"@type":"PropertyValueSpecification","valueRequired":true,"valueName":"search_term_string"}}],"inLanguage":"ca"},{"@type":"Organization","@id":"https:\/\/www.noveltycuines.com\/ca\/#organization","name":"Novelty","alternateName":"Novelty","url":"https:\/\/www.noveltycuines.com\/ca\/","logo":{"@type":"ImageObject","inLanguage":"ca","@id":"https:\/\/www.noveltycuines.com\/ca\/#\/schema\/logo\/image\/","url":"https:\/\/www.noveltycuines.com\/wp-content\/uploads\/2024\/02\/logo-yoast.png","contentUrl":"https:\/\/www.noveltycuines.com\/wp-content\/uploads\/2024\/02\/logo-yoast.png","width":600,"height":600,"caption":"Novelty"},"image":{"@id":"https:\/\/www.noveltycuines.com\/ca\/#\/schema\/logo\/image\/"},"sameAs":["https:\/\/www.facebook.com\/NoveltyCuines","https:\/\/www.instagram.com\/noveltycuines\/"]}]}},"_links":{"self":[{"href":"https:\/\/www.noveltycuines.com\/ca\/wp-json\/wp\/v2\/pages\/1596","targetHints":{"allow":["GET"]}}],"collection":[{"href":"https:\/\/www.noveltycuines.com\/ca\/wp-json\/wp\/v2\/pages"}],"about":[{"href":"https:\/\/www.noveltycuines.com\/ca\/wp-json\/wp\/v2\/types\/page"}],"author":[{"embeddable":true,"href":"https:\/\/www.noveltycuines.com\/ca\/wp-json\/wp\/v2\/users\/3"}],"replies":[{"embeddable":true,"href":"https:\/\/www.noveltycuines.com\/ca\/wp-json\/wp\/v2\/comments?post=1596"}],"version-history":[{"count":0,"href":"https:\/\/www.noveltycuines.com\/ca\/wp-json\/wp\/v2\/pages\/1596\/revisions"}],"wp:attachment":[{"href":"https:\/\/www.noveltycuines.com\/ca\/wp-json\/wp\/v2\/media?parent=1596"}],"curies":[{"name":"wp","href":"https:\/\/api.w.org\/{rel}","templated":true}]}}